{"id":1519,"date":"2025-10-20T13:19:50","date_gmt":"2025-10-20T13:19:50","guid":{"rendered":"https:\/\/hoppsolutions.fun\/karriere\/"},"modified":"2025-11-04T14:59:34","modified_gmt":"2025-11-04T14:59:34","slug":"career","status":"publish","type":"page","link":"https:\/\/hoppsolutions.fun\/de\/career\/","title":{"rendered":"Karriere"},"content":{"rendered":"\n<div class=\"wp-block-custom-hero custom-hero\" style=\"background-image:url(https:\/\/hoppsolutions.fun\/wp-content\/uploads\/2025\/10\/professional-background-w91lnyujaeq2imz8.jpg)\"><h1 class=\"hero-title\"><mark style=\"background-color:rgba(0, 0, 0, 0)\" class=\"has-inline-color has-primary-color\">Career<\/mark><\/h1><h3 class=\"hero-subtitle\">Gestalten Sie mit uns die Zukunft \u2013 Werden Sie Teil eines Teams von Innovatoren, die durch Kreativit\u00e4t und Technologie etwas bewegen.<\/h3><p class=\"hero-text\"><\/p><a href=\"#\" class=\"hero-button\"><span class=\"hero-button-text\"><\/span><\/a><\/div>\n\n<div class=\"wp-block-custom-simple-text custom-simple-text\" style=\"display:flex;flex-direction:row;align-items:center;gap:16px\"><div style=\"width:60%\"><h2>Wer <mark style=\"background-color:rgba(0, 0, 0, 0)\" class=\"has-inline-color has-primary-color\">sind wir?<\/mark><\/h2><p>Quaicy ist ein in der Schweiz ans\u00e4ssiges Technologie- und Innovationsunternehmen, das sich auf quantensichere Sicherheit, K\u00fcnstliche Intelligenz und Cyberabwehr spezialisiert hat. Unser Ziel ist es, Organisationen mit Technologien auszustatten, die von Grund auf sicher, standardm\u00e4\u00dfig konform und von Natur aus intelligent sind. Wir vereinen jahrzehntelange Expertise in Cybersicherheit, Cloud-Architektur und KI-Entwicklung, um L\u00f6sungen zu schaffen, die h\u00f6chsten Anspr\u00fcchen an Zuverl\u00e4ssigkeit und Vertrauen gen\u00fcgen. Von der Strategieentwicklung bis zur Implementierung agieren wir als langfristiger Technologiepartner und bringen Innovation mit Sicherheit und Ethik in Einklang.  <\/p><\/div><\/div>\n\n<div class=\"wp-block-custom-simple-text custom-simple-text\" style=\"display:flex;flex-direction:row;align-items:center;gap:16px\"><div style=\"width:60%\"><h2><mark style=\"background-color:rgba(0, 0, 0, 0)\" class=\"has-inline-color has-primary-color\">Offene Stellen<br\/><br\/> <br\/> <br\/><\/mark><\/h2><p>Join our dynamic team at Quaicy! We are looking for talented, motivated individuals who are passionate about innovation, technology, and delivering exceptional solutions. Explore opportunities across multiple departments and contribute to projects that make a real impact. If you thrive in a collaborative, growth-focused environment, we want to hear from you!   <\/p><\/div><\/div>\n\n<div class=\"wp-block-custom-container custom-container\" style=\"background-color:#ffffff;padding:20px\">\n<section class=\"wp-block-custom-query-block wp-block-custom-hero-homepage hero-homepage\"><div class=\"badge\"><\/div><h1><\/h1><p><\/p><div class=\"cta-buttons\"><\/div><div class=\"metrics\"><\/div><\/section>\n\n\n\n<div class=\"wp-block-contact-form-7-contact-form-selector\"><p class=\"wpcf7-contact-form-not-found\"><strong>Fehler:<\/strong> Kontaktformular wurde nicht gefunden.<\/p><\/div>\n<\/div>\n","protected":false},"excerpt":{"rendered":"","protected":false},"author":4,"featured_media":0,"parent":0,"menu_order":0,"comment_status":"closed","ping_status":"closed","template":"page-with-title","meta":{"_acf_changed":false,"_crdt_document":"","footnotes":""},"class_list":["post-1519","page","type-page","status-publish","hentry"],"acf":[],"structured_blocks":[{"type":"hero","title":"<mark style=\"background-color:rgba(0, 0, 0, 0)\" class=\"has-inline-color has-primary-color\">Career<\/mark>","subtitle":"Gestalten Sie mit uns die Zukunft \u2013 Werden Sie Teil eines Teams von Innovatoren, die durch Kreativit\u00e4t und Technologie etwas bewegen.","text":"","image":"https:\/\/hoppsolutions.fun\/wp-content\/uploads\/2025\/10\/professional-background-w91lnyujaeq2imz8.jpg","buttonText":"","buttonUrl":"","buttonIcon":""},{"type":"simple_text","title":"Wer <mark style=\"background-color:rgba(0, 0, 0, 0)\" class=\"has-inline-color has-primary-color\">sind wir?<\/mark>","description":"Quaicy ist ein in der Schweiz ans\u00e4ssiges Technologie- und Innovationsunternehmen, das sich auf quantensichere Sicherheit, K\u00fcnstliche Intelligenz und Cyberabwehr spezialisiert hat. Unser Ziel ist es, Organisationen mit Technologien auszustatten, die von Grund auf sicher, standardm\u00e4\u00dfig konform und von Natur aus intelligent sind. Wir vereinen jahrzehntelange Expertise in Cybersicherheit, Cloud-Architektur und KI-Entwicklung, um L\u00f6sungen zu schaffen, die h\u00f6chsten Anspr\u00fcchen an Zuverl\u00e4ssigkeit und Vertrauen gen\u00fcgen. Von der Strategieentwicklung bis zur Implementierung agieren wir als langfristiger Technologiepartner und bringen Innovation mit Sicherheit und Ethik in Einklang.  ","image":"","backgroundColor":"","orientation":"","contentOrder":""},{"type":"simple_text","title":"<mark style=\"background-color:rgba(0, 0, 0, 0)\" class=\"has-inline-color has-primary-color\">Offene Stellen<br\/><br\/> <br\/> <br\/><\/mark>","description":"Join our dynamic team at Quaicy! We are looking for talented, motivated individuals who are passionate about innovation, technology, and delivering exceptional solutions. Explore opportunities across multiple departments and contribute to projects that make a real impact. If you thrive in a collaborative, growth-focused environment, we want to hear from you!   ","image":"","backgroundColor":"#f9fafb","orientation":"","contentOrder":""},{"type":"container","backgroundColor":"#ffffff","padding":20,"innerBlocks":[{"type":"career","heading":"","subtext":"","lang":"","items":[]},{"id":1024,"title":"OpenPosition","fields":[{"name":"your-name","type":"text"},{"name":"your-email","type":"email"},{"name":"your-linkedin","type":"url"},{"name":"phone-number","type":"tel"},{"name":"your-file","type":"file"},{"name":"your-message","type":"textarea"}],"submit_url":"https:\/\/hoppsolutions.fun\/wp-json\/contact-form-7\/v1\/contact-forms\/1024\/feedback","html":"\n<div class=\"wpcf7 no-js\" id=\"wpcf7-f1024-o1\" lang=\"en-US\" dir=\"ltr\" data-wpcf7-id=\"1024\">\n<div class=\"screen-reader-response\"><p role=\"status\" aria-live=\"polite\" aria-atomic=\"true\"><\/p> <ul><\/ul><\/div>\n<form action=\"\/de\/wp-json\/wp\/v2\/pages\/1519#wpcf7-f1024-o1\" method=\"post\" class=\"wpcf7-form init\" aria-label=\"Kontaktformular\" enctype=\"multipart\/form-data\" novalidate=\"novalidate\" data-status=\"init\">\n<fieldset class=\"hidden-fields-container\"><input type=\"hidden\" name=\"_wpcf7\" value=\"1024\" \/><input type=\"hidden\" name=\"_wpcf7_version\" value=\"6.1.5\" \/><input type=\"hidden\" name=\"_wpcf7_locale\" value=\"en_US\" \/><input type=\"hidden\" name=\"_wpcf7_unit_tag\" value=\"wpcf7-f1024-o1\" \/><input type=\"hidden\" name=\"_wpcf7_container_post\" value=\"0\" \/><input type=\"hidden\" name=\"_wpcf7_posted_data_hash\" value=\"\" \/>\n<\/fieldset>\n<p><label> Full Name *<br \/>\n<span class=\"wpcf7-form-control-wrap\" data-name=\"your-name\"><input size=\"40\" maxlength=\"400\" class=\"wpcf7-form-control wpcf7-text wpcf7-validates-as-required\" autocomplete=\"name\" aria-required=\"true\" aria-invalid=\"false\" value=\"\" type=\"text\" name=\"your-name\" \/><\/span><br \/>\n<\/label>\n<\/p>\n<p><label> Email Address *<br \/>\n<span class=\"wpcf7-form-control-wrap\" data-name=\"your-email\"><input size=\"40\" maxlength=\"400\" class=\"wpcf7-form-control wpcf7-email wpcf7-validates-as-required wpcf7-text wpcf7-validates-as-email\" autocomplete=\"email\" aria-required=\"true\" aria-invalid=\"false\" value=\"\" type=\"email\" name=\"your-email\" \/><\/span><br \/>\n<\/label>\n<\/p>\n<p><label> LinkedIn Profile *<br \/>\n<span class=\"wpcf7-form-control-wrap\" data-name=\"your-linkedin\"><input size=\"40\" maxlength=\"400\" class=\"wpcf7-form-control wpcf7-url wpcf7-validates-as-required wpcf7-text wpcf7-validates-as-url\" aria-required=\"true\" aria-invalid=\"false\" value=\"\" type=\"url\" name=\"your-linkedin\" \/><\/span><br \/>\n<\/label>\n<\/p>\n<p><label> Phone Number<br \/>\n<span class=\"wpcf7-form-control-wrap\" data-name=\"phone-number\"><input size=\"40\" maxlength=\"400\" class=\"wpcf7-form-control wpcf7-tel wpcf7-text wpcf7-validates-as-tel\" autocomplete=\"phone\" aria-invalid=\"false\" value=\"\" type=\"tel\" name=\"phone-number\" \/><\/span><br \/>\n<\/label>\n<\/p>\n<p><label> Upload CV *<br \/>\n<span class=\"wpcf7-form-control-wrap\" data-name=\"your-file\"><input size=\"40\" class=\"wpcf7-form-control wpcf7-file wpcf7-validates-as-required\" accept=\".pdf,.doc,.docx\" aria-required=\"true\" aria-invalid=\"false\" type=\"file\" name=\"your-file\" \/><\/span><br \/>\n<\/label>\n<\/p>\n<p><label> Cover Letter \/ Message<br \/>\n<span class=\"wpcf7-form-control-wrap\" data-name=\"your-message\"><textarea cols=\"40\" rows=\"10\" maxlength=\"2000\" class=\"wpcf7-form-control wpcf7-textarea\" aria-invalid=\"false\" name=\"your-message\"><\/textarea><\/span><br \/>\n<\/label>\n<\/p>\n<p><input class=\"wpcf7-form-control wpcf7-submit has-spinner\" type=\"submit\" value=\"Submit\" \/>\n<\/p><div class=\"wpcf7-response-output\" aria-hidden=\"true\"><\/div>\n<\/form>\n<\/div>\n"}]}],"_links":{"self":[{"href":"https:\/\/hoppsolutions.fun\/de\/wp-json\/wp\/v2\/pages\/1519","targetHints":{"allow":["GET"]}}],"collection":[{"href":"https:\/\/hoppsolutions.fun\/de\/wp-json\/wp\/v2\/pages"}],"about":[{"href":"https:\/\/hoppsolutions.fun\/de\/wp-json\/wp\/v2\/types\/page"}],"author":[{"embeddable":true,"href":"https:\/\/hoppsolutions.fun\/de\/wp-json\/wp\/v2\/users\/4"}],"replies":[{"embeddable":true,"href":"https:\/\/hoppsolutions.fun\/de\/wp-json\/wp\/v2\/comments?post=1519"}],"version-history":[{"count":7,"href":"https:\/\/hoppsolutions.fun\/de\/wp-json\/wp\/v2\/pages\/1519\/revisions"}],"predecessor-version":[{"id":1526,"href":"https:\/\/hoppsolutions.fun\/de\/wp-json\/wp\/v2\/pages\/1519\/revisions\/1526"}],"wp:attachment":[{"href":"https:\/\/hoppsolutions.fun\/de\/wp-json\/wp\/v2\/media?parent=1519"}],"curies":[{"name":"wp","href":"https:\/\/api.w.org\/{rel}","templated":true}]}}