{"id":1729,"date":"2025-10-21T06:47:42","date_gmt":"2025-10-21T06:47:42","guid":{"rendered":"https:\/\/hoppsolutions.fun\/dienstleistungen-cyber-solutions\/"},"modified":"2025-11-10T11:15:48","modified_gmt":"2025-11-10T11:15:48","slug":"cybersecurity","status":"publish","type":"page","link":"https:\/\/hoppsolutions.fun\/de\/cybersecurity\/","title":{"rendered":"Dienstleistungen [Cyber Solutions]"},"content":{"rendered":"\n<div class=\"wp-block-custom-hero custom-hero\" style=\"background-image:url(https:\/\/hoppsolutions.fun\/wp-content\/uploads\/2025\/10\/animated-3d-blue-moving-square-grid-background-cyber-and-technology-background-looped-free-video-scaled.jpg)\"><h1 class=\"hero-title\"><mark style=\"background-color:rgba(0, 0, 0, 0)\" class=\"has-inline-color has-primary-color\">Cyber Resilience<\/mark>  f\u00fcr eine Quanten- und KI-gesteuerte Welt.<\/h1><h3 class=\"hero-subtitle\">Cybersecurity ist das R\u00fcckgrat des digitalen Vertrauens. Quaicy bietet global einsetzbare Plattformen der n\u00e4chsten Generation, um Identit\u00e4ten, APIs und Infrastrukturen zu sichern &#8211; unterst\u00fctzt durch Zero-Trust und kontinuierliche \u00dcberwachung. <\/h3><p class=\"hero-text\"><\/p><a href=\"#123\" class=\"hero-button\"><span class=\"hero-button-text\"><\/span><\/a><\/div>\n\n<div class=\"wp-block-custom-gauge-grid custom-gauge-grid\" style=\"background-color:;display:grid;grid-template-columns:repeat(3, 1fr);gap:20px;padding:20px\">\n<div class=\"wp-block-custom-gauge-card custom-gauge-card\" style=\"background-color:#ffffff\"><h3>Effizienz bei der Erkennung von Bedrohungen<\/h3><svg class=\"w-24 h-12\"><path d=\"M10,55 a45,45 0 0,1 90,0\" fill=\"transparent\" stroke=\"#e5e7eb\" stroke-width=\"8\"><\/path><path d=\"M10,55 a45,45 0 0,1 90,0\" fill=\"transparent\" stroke=\"#0073aa\" stroke-width=\"8\" stroke-dasharray=\"141.3716694115407\" stroke-dashoffset=\"15.550883635269475\" stroke-linecap=\"round\"><\/path><\/svg><div class=\"gauge-value\">89%<\/div><p>Wie schnell Bedrohungen von Ihren SOC\/Threat Intel Systemen erkannt und priorisiert werden.<\/p><\/div>\n\n\n\n<div class=\"wp-block-custom-gauge-card custom-gauge-card\" style=\"background-color:#ffffff\"><h3>Identit\u00e4ts- und Zugangsrisiko<\/h3><svg class=\"w-24 h-12\"><path d=\"M10,55 a45,45 0 0,1 90,0\" fill=\"transparent\" stroke=\"#e5e7eb\" stroke-width=\"8\"><\/path><path d=\"M10,55 a45,45 0 0,1 90,0\" fill=\"transparent\" stroke=\"#0073aa\" stroke-width=\"8\" stroke-dasharray=\"141.3716694115407\" stroke-dashoffset=\"1.4137166941154082\" stroke-linecap=\"round\"><\/path><\/svg><div class=\"gauge-value\">99%<\/div><p>Sicherheitsstatus von Identit\u00e4ten und Zugriffskontrolle.<\/p><\/div>\n\n\n\n<div class=\"wp-block-custom-gauge-card custom-gauge-card\" style=\"background-color:#ffffff\"><h3>Datenschutz &amp; Compliance<\/h3><svg class=\"w-24 h-12\"><path d=\"M10,55 a45,45 0 0,1 90,0\" fill=\"transparent\" stroke=\"#e5e7eb\" stroke-width=\"8\"><\/path><path d=\"M10,55 a45,45 0 0,1 90,0\" fill=\"transparent\" stroke=\"#0073aa\" stroke-width=\"8\" stroke-dasharray=\"141.3716694115407\" stroke-dashoffset=\"18.37831702350029\" stroke-linecap=\"round\"><\/path><\/svg><div class=\"gauge-value\">87%<\/div><p>Datenschutz, Verschl\u00fcsselung und Einhaltung gesetzlicher Vorschriften.<\/p><\/div>\n<\/div>\n\n<div class=\"wp-block-custom-card-grid custom-card-grid\" style=\"background-size:cover;background-position:center;padding:20px\">\n<div class=\"wp-block-custom-card custom-card\" style=\"background-color:#f6f7f6\"><img decoding=\"async\" class=\"custom-card-image\" src=\"https:\/\/hoppsolutions.fun\/wp-content\/uploads\/2025\/08\/paddlock_icon.svg\" alt=\"Threat Detection &amp; Monitoring\"\/><h3 class=\"custom-card-title\">Erkennung und \u00dcberwachung von Bedrohungen<\/h3><p class=\"custom-card-text\">Cyber-Bedrohungen entwickeln sich schneller weiter, als manuelle Abwehrma\u00dfnahmen sich anpassen k\u00f6nnen. Die SOC-Plattform der n\u00e4chsten Generation von Quaicy integriert SIEM\/XDR mit KI-gesteuerter Anomalieerkennung und globalen Bedrohungsdaten-Feeds. <br\/><br\/>Es korreliert Netzwerk-, Endpunkt- und Cloud-Telemetrie, um Vorf\u00e4lle in Echtzeit zu identifizieren. Automatisierte Reaktions-Playbooks verk\u00fcrzen die mittlere Reaktionszeit (MTTR), w\u00e4hrend Analysten \u00fcber intuitive Dashboards vollen Einblick erhalten. <br\/><br\/>Dieses proaktive Verteidigungsmodell verwandelt die Cybersicherheit von einer reaktiven Brandbek\u00e4mpfung in eine kontinuierliche Sicherheit.<\/p><\/div>\n\n\n\n<div class=\"wp-block-custom-card custom-card\" style=\"background-color:#f6f7f6\"><img decoding=\"async\" class=\"custom-card-image\" src=\"https:\/\/hoppsolutions.fun\/wp-content\/uploads\/2025\/08\/community_icon.svg\" alt=\"Identity &amp; Access\"\/><h3 class=\"custom-card-title\">Identit\u00e4t &amp; Zugang<\/h3><p class=\"custom-card-text\">Identit\u00e4t ist die neue Grenze. Die IAM Suite und die Zero-Trust-Plattform von Quaicy setzen den Zugriff mit den geringsten Rechten in hybriden Infrastrukturen durch. <br\/><br\/>Adaptive Multi-Faktor-Authentifizierung, risikobasierte Sitzungskontrolle und API-Gateway-Sicherheit stellen sicher, dass nur verifizierte Unternehmen mit wichtigen Ressourcen interagieren. Die zentrale Verwaltung vereinfacht die Bereitstellung, die Aufhebung der Bereitstellung und die Compliance-Audits und entspricht den Rahmenwerken ISO 27001 und NIST 800-63. <\/p><\/div>\n\n\n\n<div class=\"wp-block-custom-card custom-card\" style=\"background-color:#f6f7f6\"><img decoding=\"async\" class=\"custom-card-image\" src=\"https:\/\/hoppsolutions.fun\/wp-content\/uploads\/2025\/08\/fileSheild_icon.svg\" alt=\"Data &amp; Privacy\"\/><h3 class=\"custom-card-title\">Daten &amp; Datenschutz<\/h3><p class=\"custom-card-text\">Datenschutzverletzungen untergraben das Vertrauen sofort. Die DLP Suite und Crypto Vault von Quaicy sch\u00fctzen Informationen durch Verschl\u00fcsselung, Tokenisierung und Nutzungsanalyse. <br\/><br\/>Datenschutz-Dashboards automatisieren Klassifizierungs- und Aufbewahrungsrichtlinien und gew\u00e4hrleisten die Einhaltung der GDPR und regionaler Gesetze. Zusammen bewahren diese L\u00f6sungen die Vertraulichkeit und Integrit\u00e4t \u00fcber den gesamten Lebenszyklus der Daten. <\/p><\/div>\n\n\n\n<div class=\"wp-block-custom-card custom-card\" style=\"background-color:#f6f7f6\"><img decoding=\"async\" class=\"custom-card-image\" src=\"https:\/\/hoppsolutions.fun\/wp-content\/uploads\/2025\/08\/starSheild_icon.svg\" alt=\"Response &amp; Simulation\"\/><h3 class=\"custom-card-title\">Antwort &amp; Simulation<\/h3><p class=\"custom-card-text\">Bereitschaft definiert Widerstandskraft. Das Incident Response Toolkit von Quaicy umfasst forensische Automatisierung, Orchestrierung der Eind\u00e4mmung und Kommunikationsvorlagen. <br\/><br\/>Erg\u00e4nzende Red\/Blue\/Purple Team-Programme simulieren Angriffe, um die Wirksamkeit der Erkennung und Koordination zu testen. Kontinuierliche \u00dcbungen verfeinern sowohl die Technologie als auch die menschlichen Reaktionsf\u00e4higkeiten. <\/p><\/div>\n\n\n\n<div class=\"wp-block-custom-card custom-card\" style=\"background-color:#f6f7f6\"><img decoding=\"async\" class=\"custom-card-image\" src=\"https:\/\/hoppsolutions.fun\/wp-content\/uploads\/2025\/08\/profileSettings_icon.svg\" alt=\"SME Security\"\/><h3 class=\"custom-card-title\">KMU Sicherheit<\/h3><p class=\"custom-card-text\">Kleine Unternehmen verdienen einen unternehmensgerechten Schutz ohne Komplexit\u00e4t. Unser KMU-Sicherheitsportal bietet vereinfachte Dashboards, Endpunktschutz und Phishing-Simulationen. <br\/><br\/>Alles wird \u00fcber eine einheitliche Cloud-Konsole verwaltet, die die Einhaltung von Vorschriften transparent macht und schnelle Abhilfema\u00dfnahmen erm\u00f6glicht &#8211; eine Demokratisierung der Cybersicherheit f\u00fcr wachsende Unternehmen.<\/p><\/div>\n<p style=\"display:none\">service-single<\/p><\/div>\n\n<div class=\"wp-block-custom-take-control-section take-control-section\"><h2 class=\"title\"><mark style=\"background-color:rgba(0, 0, 0, 0)\" class=\"has-inline-color has-primary-color\">Buchen Sie<\/mark> eine Sicherheitsbewertung<\/h2><p class=\"description\">Bewerten Sie die Sicherheitslage Ihres Unternehmens und decken Sie Schwachstellen mit einer umfassenden Expertenbewertung auf.<\/p><div class=\"buttons\"><a href=\"\/contact\" class=\"btn btn-contact\"><span class=\"btn-contact-text\">Sprechen Sie mit einem Experten<\/span><\/a><a href=\"\/contact\" class=\"btn btn-schedule\"><span class=\"btn-schedule-text\">Kontakt Vertrieb<\/span><\/a><\/div><\/div>\n","protected":false},"excerpt":{"rendered":"","protected":false},"author":2,"featured_media":0,"parent":0,"menu_order":0,"comment_status":"closed","ping_status":"closed","template":"page-with-title","meta":{"_acf_changed":false,"_crdt_document":"","footnotes":""},"class_list":["post-1729","page","type-page","status-publish","hentry"],"acf":[],"structured_blocks":[{"type":"hero","title":"<mark style=\"background-color:rgba(0, 0, 0, 0)\" class=\"has-inline-color has-primary-color\">Cyber Resilience<\/mark>  f\u00fcr eine Quanten- und KI-gesteuerte Welt.","subtitle":"Cybersecurity ist das R\u00fcckgrat des digitalen Vertrauens. Quaicy bietet global einsetzbare Plattformen der n\u00e4chsten Generation, um Identit\u00e4ten, APIs und Infrastrukturen zu sichern - unterst\u00fctzt durch Zero-Trust und kontinuierliche \u00dcberwachung. ","text":"","image":"https:\/\/hoppsolutions.fun\/wp-content\/uploads\/2025\/10\/animated-3d-blue-moving-square-grid-background-cyber-and-technology-background-looped-free-video-scaled.jpg","buttonText":"","buttonUrl":"#123","buttonIcon":""},{"type":"gauge_grid","cards":[{"type":"gauge_card","title":"Threat Detection Efficiency","label":"","value":89,"maxValue":100,"unit":"%","description":"How quickly threats are detected and prioritized by your SOC\/Threat Intel systems.","buttonText":"","buttonUrl":"","backgroundColor":"","gaugeColor":"#0073aa"},{"type":"gauge_card","title":"Identity & Access Risk","label":"","value":99,"maxValue":100,"unit":"%","description":"Security posture of identities and access control.","buttonText":"","buttonUrl":"","backgroundColor":"","gaugeColor":"#0073aa"},{"type":"gauge_card","title":"Data Privacy & Compliance","label":"","value":87,"maxValue":100,"unit":"%","description":"Data protection, encryption, and regulatory compliance.","buttonText":"","buttonUrl":"","backgroundColor":"","gaugeColor":"#0073aa"}],"backgroundColor":"","columns":3},{"type":"card_grid","cards":[{"title":"Erkennung und \u00dcberwachung von Bedrohungen","text":"Cyber-Bedrohungen entwickeln sich schneller weiter, als manuelle Abwehrma\u00dfnahmen sich anpassen k\u00f6nnen. Die SOC-Plattform der n\u00e4chsten Generation von Quaicy integriert SIEM\/XDR mit KI-gesteuerter Anomalieerkennung und globalen Bedrohungsdaten-Feeds. <br\/><br\/>Es korreliert Netzwerk-, Endpunkt- und Cloud-Telemetrie, um Vorf\u00e4lle in Echtzeit zu identifizieren. Automatisierte Reaktions-Playbooks verk\u00fcrzen die mittlere Reaktionszeit (MTTR), w\u00e4hrend Analysten \u00fcber intuitive Dashboards vollen Einblick erhalten. <br\/><br\/>Dieses proaktive Verteidigungsmodell verwandelt die Cybersicherheit von einer reaktiven Brandbek\u00e4mpfung in eine kontinuierliche Sicherheit.","imageUrl":"https:\/\/hoppsolutions.fun\/wp-content\/uploads\/2025\/08\/paddlock_icon.svg","backgroundColor":"#f6f7f6","items":[],"afterListText":"","buttonText":"","buttonUrl":"","buttonColor":"#0073aa"},{"title":"Identit\u00e4t &amp; Zugang","text":"Identit\u00e4t ist die neue Grenze. Die IAM Suite und die Zero-Trust-Plattform von Quaicy setzen den Zugriff mit den geringsten Rechten in hybriden Infrastrukturen durch. <br\/><br\/>Adaptive Multi-Faktor-Authentifizierung, risikobasierte Sitzungskontrolle und API-Gateway-Sicherheit stellen sicher, dass nur verifizierte Unternehmen mit wichtigen Ressourcen interagieren. Die zentrale Verwaltung vereinfacht die Bereitstellung, die Aufhebung der Bereitstellung und die Compliance-Audits und entspricht den Rahmenwerken ISO 27001 und NIST 800-63. ","imageUrl":"https:\/\/hoppsolutions.fun\/wp-content\/uploads\/2025\/08\/community_icon.svg","backgroundColor":"#f6f7f6","items":[],"afterListText":"","buttonText":"","buttonUrl":"","buttonColor":"#0073aa"},{"title":"Daten &amp; Datenschutz","text":"Datenschutzverletzungen untergraben das Vertrauen sofort. Die DLP Suite und Crypto Vault von Quaicy sch\u00fctzen Informationen durch Verschl\u00fcsselung, Tokenisierung und Nutzungsanalyse. <br\/><br\/>Datenschutz-Dashboards automatisieren Klassifizierungs- und Aufbewahrungsrichtlinien und gew\u00e4hrleisten die Einhaltung der GDPR und regionaler Gesetze. Zusammen bewahren diese L\u00f6sungen die Vertraulichkeit und Integrit\u00e4t \u00fcber den gesamten Lebenszyklus der Daten. ","imageUrl":"https:\/\/hoppsolutions.fun\/wp-content\/uploads\/2025\/08\/fileSheild_icon.svg","backgroundColor":"#f6f7f6","items":[],"afterListText":"","buttonText":"","buttonUrl":"","buttonColor":"#0073aa"},{"title":"Antwort &amp; Simulation","text":"Bereitschaft definiert Widerstandskraft. Das Incident Response Toolkit von Quaicy umfasst forensische Automatisierung, Orchestrierung der Eind\u00e4mmung und Kommunikationsvorlagen. <br\/><br\/>Erg\u00e4nzende Red\/Blue\/Purple Team-Programme simulieren Angriffe, um die Wirksamkeit der Erkennung und Koordination zu testen. Kontinuierliche \u00dcbungen verfeinern sowohl die Technologie als auch die menschlichen Reaktionsf\u00e4higkeiten. ","imageUrl":"https:\/\/hoppsolutions.fun\/wp-content\/uploads\/2025\/08\/starSheild_icon.svg","backgroundColor":"#f6f7f6","items":[],"afterListText":"","buttonText":"","buttonUrl":"","buttonColor":"#0073aa"},{"title":"KMU Sicherheit","text":"Kleine Unternehmen verdienen einen unternehmensgerechten Schutz ohne Komplexit\u00e4t. Unser KMU-Sicherheitsportal bietet vereinfachte Dashboards, Endpunktschutz und Phishing-Simulationen. <br\/><br\/>Alles wird \u00fcber eine einheitliche Cloud-Konsole verwaltet, die die Einhaltung von Vorschriften transparent macht und schnelle Abhilfema\u00dfnahmen erm\u00f6glicht - eine Demokratisierung der Cybersicherheit f\u00fcr wachsende Unternehmen.","imageUrl":"https:\/\/hoppsolutions.fun\/wp-content\/uploads\/2025\/08\/profileSettings_icon.svg","backgroundColor":"#f6f7f6","items":[],"afterListText":"","buttonText":"","buttonUrl":"","buttonColor":"#0073aa"}],"sections":[],"grid_type":"service-single","grid_title":"","grid_title_image":"","backgroundColor":"","backgroundImage":""},{"type":"take_control_section","title":"<mark style=\"background-color:rgba(0, 0, 0, 0)\" class=\"has-inline-color has-primary-color\">Buchen Sie<\/mark> eine Sicherheitsbewertung","description":"Bewerten Sie die Sicherheitslage Ihres Unternehmens und decken Sie Schwachstellen mit einer umfassenden Expertenbewertung auf.","contact_cta":{"text":"Sprechen Sie mit einem Experten","url":"\/contact"},"schedule_cta":{"text":"Kontakt Vertrieb","url":"\/contact"}}],"_links":{"self":[{"href":"https:\/\/hoppsolutions.fun\/de\/wp-json\/wp\/v2\/pages\/1729","targetHints":{"allow":["GET"]}}],"collection":[{"href":"https:\/\/hoppsolutions.fun\/de\/wp-json\/wp\/v2\/pages"}],"about":[{"href":"https:\/\/hoppsolutions.fun\/de\/wp-json\/wp\/v2\/types\/page"}],"author":[{"embeddable":true,"href":"https:\/\/hoppsolutions.fun\/de\/wp-json\/wp\/v2\/users\/2"}],"replies":[{"embeddable":true,"href":"https:\/\/hoppsolutions.fun\/de\/wp-json\/wp\/v2\/comments?post=1729"}],"version-history":[{"count":7,"href":"https:\/\/hoppsolutions.fun\/de\/wp-json\/wp\/v2\/pages\/1729\/revisions"}],"predecessor-version":[{"id":2292,"href":"https:\/\/hoppsolutions.fun\/de\/wp-json\/wp\/v2\/pages\/1729\/revisions\/2292"}],"wp:attachment":[{"href":"https:\/\/hoppsolutions.fun\/de\/wp-json\/wp\/v2\/media?parent=1729"}],"curies":[{"name":"wp","href":"https:\/\/api.w.org\/{rel}","templated":true}]}}