{"id":1733,"date":"2025-10-21T12:17:37","date_gmt":"2025-10-21T12:17:37","guid":{"rendered":"https:\/\/hoppsolutions.fun\/dienstleistungen-entwicklungsdienstleistungen\/"},"modified":"2025-11-10T11:16:02","modified_gmt":"2025-11-10T11:16:02","slug":"services-development-services","status":"publish","type":"page","link":"https:\/\/hoppsolutions.fun\/de\/services-development-services\/","title":{"rendered":"Dienstleistungen [Entwicklungsdienstleistungen]"},"content":{"rendered":"\n<div class=\"wp-block-custom-hero custom-hero\" style=\"background-image:url(https:\/\/hoppsolutions.fun\/wp-content\/uploads\/2025\/10\/side-shot-code-editor-using-react-js-scaled.webp)\"><h1 class=\"hero-title\"><mark style=\"background-color:rgba(0, 0, 0, 0)\" class=\"has-inline-color has-primary-color\">From Idea to Execution<\/mark>  &#8211; Erstellen Sie sichere, skalierbare, intelligente Software.<\/h1><h3 class=\"hero-subtitle\">Die Entwicklungsabteilung von Quaicy kombiniert modernste Technik mit sicheren DevOps-Pipelines, um weltweit hochleistungsf\u00e4hige Web-, Mobil- und Backend-Anwendungen bereitzustellen.<br\/><a href=\"https:\/\/quaicy-cms-h7anahc9asf2bcbt.switzerlandnorth-01.azurewebsites.net\/?page_id=907#\"><\/a><\/h3><p class=\"hero-text\"><\/p><a href=\"#\" class=\"hero-button\"><span class=\"hero-button-text\"><\/span><\/a><\/div>\n\n<div class=\"wp-block-custom-card-grid custom-card-grid\" style=\"background-size:cover;background-position:center;padding:20px\">\n<div class=\"wp-block-custom-card custom-card\" style=\"background-color:#f6f7f6\"><img decoding=\"async\" class=\"custom-card-image\" src=\"https:\/\/hoppsolutions.fun\/wp-content\/uploads\/2025\/08\/globus_icon.svg\" alt=\"Full-Stack Web &amp; App Development\"\/><h3 class=\"custom-card-title\">Full-Stack Web &amp; App Entwicklung<\/h3><p class=\"custom-card-text\">Vom Prototyp bis zur Unternehmensplattform liefert Quaicy skalierbare Web- und Mobil-L\u00f6sungen mit React, Node.js, Laravel, Django und .NET.<br\/><br\/>Sicherheit, Leistung und UX-Design sind vom ersten Tag an integriert. Kontinuierliche Tests und CI\/CD-Pipelines verk\u00fcrzen die Ver\u00f6ffentlichungszyklen, w\u00e4hrend die Codequalit\u00e4t erhalten bleibt. <\/p><\/div>\n\n\n\n<div class=\"wp-block-custom-card custom-card\" style=\"background-color:#f6f7f6\"><img decoding=\"async\" class=\"custom-card-image\" src=\"https:\/\/hoppsolutions.fun\/wp-content\/uploads\/2025\/08\/antenna_icon.svg\" alt=\"API &amp; Microservice Architecture\"\/><h3 class=\"custom-card-title\">API &amp; Microservice Architektur<\/h3><p class=\"custom-card-text\">Modularit\u00e4t f\u00f6rdert die Agilit\u00e4t. Die Ingenieure von Quaicy entwickeln Microservices mit klaren Bereichsgrenzen, API-Gateways und Container-Orchestrierung (Kubernetes, Docker). <br\/><br\/>Dies erm\u00f6glicht unabh\u00e4ngige Skalierung, kontinuierliche Bereitstellung und Fehlerisolierung &#8211; die Eckpfeiler moderner digitaler \u00d6kosysteme.<\/p><\/div>\n\n\n\n<div class=\"wp-block-custom-card custom-card\" style=\"background-color:#f6f7f6\"><img decoding=\"async\" class=\"custom-card-image\" src=\"https:\/\/hoppsolutions.fun\/wp-content\/uploads\/2025\/10\/Vector-e1761835528964.png\" alt=\"Mobile Development\"\/><h3 class=\"custom-card-title\">Mobile Entwicklung<\/h3><p class=\"custom-card-text\">Mobile Erlebnisse bestimmen die Markenwahrnehmung. Wir entwickeln native und plattform\u00fcbergreifende Apps mit Offline-Funktionen, biometrischer Sicherheit und nahtloser Cloud-Integration. <br\/><br\/>Eine strenge Leistungsprofilierung gew\u00e4hrleistet die Zuverl\u00e4ssigkeit bei globalem Datenverkehr und unterschiedlichen Ger\u00e4tebedingungen.<\/p><\/div>\n\n\n\n<div class=\"wp-block-custom-card custom-card\" style=\"background-color:#f6f7f6\"><img decoding=\"async\" class=\"custom-card-image\" src=\"https:\/\/hoppsolutions.fun\/wp-content\/uploads\/2025\/08\/database_icon.svg\" alt=\"Database Engineering\"\/><h3 class=\"custom-card-title\">Datenbank-Technik<\/h3><p class=\"custom-card-text\">Eine effiziente Datenarchitektur ist die Grundlage f\u00fcr den Erfolg von Anwendungen. Unsere Spezialisten entwickeln Schemata, Replikationsstrategien und Backup-Richtlinien f\u00fcr MySQL, PostgreSQL und MongoDB. <br\/><br\/>Optimierte Abfragen und Indizierung sorgen f\u00fcr Geschwindigkeit und Stabilit\u00e4t, w\u00e4hrend Verschl\u00fcsselung und Auditing die Einhaltung von Richtlinien unterst\u00fctzen.<\/p><\/div>\n\n\n\n<div class=\"wp-block-custom-card custom-card\" style=\"background-color:#f6f7f6\"><img decoding=\"async\" class=\"custom-card-image\" src=\"https:\/\/hoppsolutions.fun\/wp-content\/uploads\/2025\/08\/fileSheild_icon.svg\" alt=\"CI\/CD &amp; DevOps Pipelines\"\/><h3 class=\"custom-card-title\">CI\/CD &amp; DevOps Pipelines<\/h3><p class=\"custom-card-text\">Automatisierung beschleunigt die Innovation. Quaicy implementiert Git-basierte Pipelines, die Build-, Test- und Bereitstellungsautomatisierung integrieren. <br\/><br\/>In Kombination mit Infrastructure-as-Code, Geheimhaltungsmanagement und Beobachtbarkeit ist das Ergebnis eine zuverl\u00e4ssige, wiederholbare Bereitstellung, die den DevSecOps-Prinzipien entspricht.<\/p><\/div>\n<p style=\"display:none\">service-single<\/p><\/div>\n\n<div class=\"wp-block-custom-take-control-section take-control-section\"><h2 class=\"title\"><mark style=\"background-color:rgba(0, 0, 0, 0)\" class=\"has-inline-color has-primary-color\">Entwicklungsberatung<\/mark> anfordern<\/h2><p class=\"description\">Vereinbaren Sie noch heute einen Termin f\u00fcr Ihr pers\u00f6nliches Entwicklungsgespr\u00e4ch.<\/p><div class=\"buttons\"><a href=\"\/contact\" class=\"btn btn-contact\"><span class=\"btn-contact-text\">Sprechen Sie mit einem Experten<\/span><\/a><a href=\"\/contact\" class=\"btn btn-schedule\"><span class=\"btn-schedule-text\">Contact Sales<\/span><\/a><\/div><\/div>\n","protected":false},"excerpt":{"rendered":"","protected":false},"author":4,"featured_media":0,"parent":0,"menu_order":0,"comment_status":"closed","ping_status":"closed","template":"page-with-title","meta":{"_acf_changed":false,"_crdt_document":"","footnotes":""},"class_list":["post-1733","page","type-page","status-publish","hentry"],"acf":[],"structured_blocks":[{"type":"hero","title":"<mark style=\"background-color:rgba(0, 0, 0, 0)\" class=\"has-inline-color has-primary-color\">From Idea to Execution<\/mark>  - Erstellen Sie sichere, skalierbare, intelligente Software.","subtitle":"Die Entwicklungsabteilung von Quaicy kombiniert modernste Technik mit sicheren DevOps-Pipelines, um weltweit hochleistungsf\u00e4hige Web-, Mobil- und Backend-Anwendungen bereitzustellen.<br\/><a href=\"https:\/\/quaicy-cms-h7anahc9asf2bcbt.switzerlandnorth-01.azurewebsites.net\/?page_id=907#\"><\/a>","text":"","image":"https:\/\/hoppsolutions.fun\/wp-content\/uploads\/2025\/10\/side-shot-code-editor-using-react-js-scaled.webp","buttonText":"","buttonUrl":"","buttonIcon":""},{"type":"card_grid","cards":[{"title":"Full-Stack Web &amp; App Entwicklung","text":"Vom Prototyp bis zur Unternehmensplattform liefert Quaicy skalierbare Web- und Mobil-L\u00f6sungen mit React, Node.js, Laravel, Django und .NET.<br\/><br\/>Sicherheit, Leistung und UX-Design sind vom ersten Tag an integriert. Kontinuierliche Tests und CI\/CD-Pipelines verk\u00fcrzen die Ver\u00f6ffentlichungszyklen, w\u00e4hrend die Codequalit\u00e4t erhalten bleibt. ","imageUrl":"https:\/\/hoppsolutions.fun\/wp-content\/uploads\/2025\/08\/globus_icon.svg","backgroundColor":"#f6f7f6","items":[],"afterListText":"","buttonText":"","buttonUrl":"","buttonColor":"#0073aa"},{"title":"API &amp; Microservice Architektur","text":"Modularit\u00e4t f\u00f6rdert die Agilit\u00e4t. Die Ingenieure von Quaicy entwickeln Microservices mit klaren Bereichsgrenzen, API-Gateways und Container-Orchestrierung (Kubernetes, Docker). <br\/><br\/>Dies erm\u00f6glicht unabh\u00e4ngige Skalierung, kontinuierliche Bereitstellung und Fehlerisolierung - die Eckpfeiler moderner digitaler \u00d6kosysteme.","imageUrl":"https:\/\/hoppsolutions.fun\/wp-content\/uploads\/2025\/08\/antenna_icon.svg","backgroundColor":"#f6f7f6","items":[],"afterListText":"","buttonText":"","buttonUrl":"","buttonColor":"#0073aa"},{"title":"Mobile Entwicklung","text":"Mobile Erlebnisse bestimmen die Markenwahrnehmung. Wir entwickeln native und plattform\u00fcbergreifende Apps mit Offline-Funktionen, biometrischer Sicherheit und nahtloser Cloud-Integration. <br\/><br\/>Eine strenge Leistungsprofilierung gew\u00e4hrleistet die Zuverl\u00e4ssigkeit bei globalem Datenverkehr und unterschiedlichen Ger\u00e4tebedingungen.","imageUrl":"https:\/\/hoppsolutions.fun\/wp-content\/uploads\/2025\/10\/Vector-e1761835528964.png","backgroundColor":"#f6f7f6","items":[],"afterListText":"","buttonText":"","buttonUrl":"","buttonColor":"#0073aa"},{"title":"Datenbank-Technik","text":"Eine effiziente Datenarchitektur ist die Grundlage f\u00fcr den Erfolg von Anwendungen. Unsere Spezialisten entwickeln Schemata, Replikationsstrategien und Backup-Richtlinien f\u00fcr MySQL, PostgreSQL und MongoDB. <br\/><br\/>Optimierte Abfragen und Indizierung sorgen f\u00fcr Geschwindigkeit und Stabilit\u00e4t, w\u00e4hrend Verschl\u00fcsselung und Auditing die Einhaltung von Richtlinien unterst\u00fctzen.","imageUrl":"https:\/\/hoppsolutions.fun\/wp-content\/uploads\/2025\/08\/database_icon.svg","backgroundColor":"#f6f7f6","items":[],"afterListText":"","buttonText":"","buttonUrl":"","buttonColor":"#0073aa"},{"title":"CI\/CD &amp; DevOps Pipelines","text":"Automatisierung beschleunigt die Innovation. Quaicy implementiert Git-basierte Pipelines, die Build-, Test- und Bereitstellungsautomatisierung integrieren. <br\/><br\/>In Kombination mit Infrastructure-as-Code, Geheimhaltungsmanagement und Beobachtbarkeit ist das Ergebnis eine zuverl\u00e4ssige, wiederholbare Bereitstellung, die den DevSecOps-Prinzipien entspricht.","imageUrl":"https:\/\/hoppsolutions.fun\/wp-content\/uploads\/2025\/08\/fileSheild_icon.svg","backgroundColor":"#f6f7f6","items":[],"afterListText":"","buttonText":"","buttonUrl":"","buttonColor":"#0073aa"}],"sections":[],"grid_type":"service-single","grid_title":"","grid_title_image":"","backgroundColor":"","backgroundImage":""},{"type":"take_control_section","title":"<mark style=\"background-color:rgba(0, 0, 0, 0)\" class=\"has-inline-color has-primary-color\">Entwicklungsberatung<\/mark> anfordern","description":"Vereinbaren Sie noch heute einen Termin f\u00fcr Ihr pers\u00f6nliches Entwicklungsgespr\u00e4ch.","contact_cta":{"text":"Sprechen Sie mit einem Experten","url":"\/contact"},"schedule_cta":{"text":"Contact Sales","url":"\/contact"}}],"_links":{"self":[{"href":"https:\/\/hoppsolutions.fun\/de\/wp-json\/wp\/v2\/pages\/1733","targetHints":{"allow":["GET"]}}],"collection":[{"href":"https:\/\/hoppsolutions.fun\/de\/wp-json\/wp\/v2\/pages"}],"about":[{"href":"https:\/\/hoppsolutions.fun\/de\/wp-json\/wp\/v2\/types\/page"}],"author":[{"embeddable":true,"href":"https:\/\/hoppsolutions.fun\/de\/wp-json\/wp\/v2\/users\/4"}],"replies":[{"embeddable":true,"href":"https:\/\/hoppsolutions.fun\/de\/wp-json\/wp\/v2\/comments?post=1733"}],"version-history":[{"count":3,"href":"https:\/\/hoppsolutions.fun\/de\/wp-json\/wp\/v2\/pages\/1733\/revisions"}],"predecessor-version":[{"id":2297,"href":"https:\/\/hoppsolutions.fun\/de\/wp-json\/wp\/v2\/pages\/1733\/revisions\/2297"}],"wp:attachment":[{"href":"https:\/\/hoppsolutions.fun\/de\/wp-json\/wp\/v2\/media?parent=1733"}],"curies":[{"name":"wp","href":"https:\/\/api.w.org\/{rel}","templated":true}]}}