{"id":2128,"date":"2025-10-21T06:47:42","date_gmt":"2025-10-21T06:47:42","guid":{"rendered":"https:\/\/hoppsolutions.fun\/servicios-soluciones-ciberneticas\/"},"modified":"2025-11-10T11:15:49","modified_gmt":"2025-11-10T11:15:49","slug":"cybersecurity","status":"publish","type":"page","link":"https:\/\/hoppsolutions.fun\/es\/cybersecurity\/","title":{"rendered":"Servicios [Soluciones cibern\u00e9ticas]"},"content":{"rendered":"\n<div class=\"wp-block-custom-hero custom-hero\" style=\"background-image:url(https:\/\/hoppsolutions.fun\/wp-content\/uploads\/2025\/10\/animated-3d-blue-moving-square-grid-background-cyber-and-technology-background-looped-free-video-scaled.jpg)\"><h1 class=\"hero-title\"><mark style=\"background-color:rgba(0, 0, 0, 0)\" class=\"has-inline-color has-primary-color\">Cyber Resilience<\/mark>  para un mundo impulsado por la Inteligencia Artificial y la Cu\u00e1ntica.<\/h1><h3 class=\"hero-subtitle\">La ciberseguridad es la columna vertebral de la confianza digital. Quaicy proporciona plataformas de \u00faltima generaci\u00f3n, preparadas para proteger identidades, API e infraestructuras, respaldadas por la confianza cero y la supervisi\u00f3n continua. <\/h3><p class=\"hero-text\"><\/p><a href=\"#123\" class=\"hero-button\"><span class=\"hero-button-text\"><\/span><\/a><\/div>\n\n<div class=\"wp-block-custom-gauge-grid custom-gauge-grid\" style=\"background-color:;display:grid;grid-template-columns:repeat(3, 1fr);gap:20px;padding:20px\">\n<div class=\"wp-block-custom-gauge-card custom-gauge-card\" style=\"background-color:#ffffff\"><h3>Eficacia de la detecci\u00f3n de amenazas<\/h3><svg class=\"w-24 h-12\"><path d=\"M10,55 a45,45 0 0,1 90,0\" fill=\"transparent\" stroke=\"#e5e7eb\" stroke-width=\"8\"><\/path><path d=\"M10,55 a45,45 0 0,1 90,0\" fill=\"transparent\" stroke=\"#0073aa\" stroke-width=\"8\" stroke-dasharray=\"141.3716694115407\" stroke-dashoffset=\"15.550883635269475\" stroke-linecap=\"round\"><\/path><\/svg><div class=\"gauge-value\">89%<\/div><p>Con qu\u00e9 rapidez detectan y priorizan las amenazas tus sistemas SOC\/Threat Intel.<\/p><\/div>\n\n\n\n<div class=\"wp-block-custom-gauge-card custom-gauge-card\" style=\"background-color:#ffffff\"><h3>Riesgo de identidad y acceso<\/h3><svg class=\"w-24 h-12\"><path d=\"M10,55 a45,45 0 0,1 90,0\" fill=\"transparent\" stroke=\"#e5e7eb\" stroke-width=\"8\"><\/path><path d=\"M10,55 a45,45 0 0,1 90,0\" fill=\"transparent\" stroke=\"#0073aa\" stroke-width=\"8\" stroke-dasharray=\"141.3716694115407\" stroke-dashoffset=\"1.4137166941154082\" stroke-linecap=\"round\"><\/path><\/svg><div class=\"gauge-value\">99%<\/div><p>Postura de seguridad de las identidades y control de acceso.<\/p><\/div>\n\n\n\n<div class=\"wp-block-custom-gauge-card custom-gauge-card\" style=\"background-color:#ffffff\"><h3>Privacidad de datos y cumplimiento<\/h3><svg class=\"w-24 h-12\"><path d=\"M10,55 a45,45 0 0,1 90,0\" fill=\"transparent\" stroke=\"#e5e7eb\" stroke-width=\"8\"><\/path><path d=\"M10,55 a45,45 0 0,1 90,0\" fill=\"transparent\" stroke=\"#0073aa\" stroke-width=\"8\" stroke-dasharray=\"141.3716694115407\" stroke-dashoffset=\"18.37831702350029\" stroke-linecap=\"round\"><\/path><\/svg><div class=\"gauge-value\">87%<\/div><p>Protecci\u00f3n de datos, encriptaci\u00f3n y cumplimiento de la normativa.<\/p><\/div>\n<\/div>\n\n<div class=\"wp-block-custom-card-grid custom-card-grid\" style=\"background-size:cover;background-position:center;padding:20px\">\n<div class=\"wp-block-custom-card custom-card\" style=\"background-color:#f6f7f6\"><img decoding=\"async\" class=\"custom-card-image\" src=\"https:\/\/hoppsolutions.fun\/wp-content\/uploads\/2025\/08\/paddlock_icon.svg\" alt=\"Threat Detection &amp; Monitoring\"\/><h3 class=\"custom-card-title\">Detecci\u00f3n y vigilancia de amenazas<\/h3><p class=\"custom-card-text\">Las ciberamenazas evolucionan m\u00e1s r\u00e1pido de lo que pueden adaptarse las defensas manuales. La plataforma SOC de nueva generaci\u00f3n de Quaicy integra SIEM\/XDR con detecci\u00f3n de anomal\u00edas basada en IA e inteligencia global sobre amenazas. <br\/><br\/>Correlaciona la telemetr\u00eda de la red, los terminales y la nube para identificar incidentes en tiempo real. Las gu\u00edas de respuesta automatizadas reducen el tiempo medio de respuesta (MTTR), mientras que los analistas obtienen una visibilidad completa a trav\u00e9s de paneles intuitivos. <br\/><br\/>Este modelo de defensa proactiva transforma la ciberseguridad de una lucha contra incendios reactiva en una garant\u00eda continua.<\/p><\/div>\n\n\n\n<div class=\"wp-block-custom-card custom-card\" style=\"background-color:#f6f7f6\"><img decoding=\"async\" class=\"custom-card-image\" src=\"https:\/\/hoppsolutions.fun\/wp-content\/uploads\/2025\/08\/community_icon.svg\" alt=\"Identity &amp; Access\"\/><h3 class=\"custom-card-title\">Identidad y acceso<\/h3><p class=\"custom-card-text\">La identidad es el nuevo per\u00edmetro. La Suite IAM de Quaicy y la Plataforma de Confianza Cero imponen el acceso con menos privilegios a trav\u00e9s de infraestructuras h\u00edbridas. <br\/><br\/>La autenticaci\u00f3n multifactor adaptable, el control de sesi\u00f3n basado en riesgos y la seguridad de la pasarela API garantizan que s\u00f3lo las entidades verificadas interact\u00faan con los recursos cr\u00edticos. El gobierno central simplifica el aprovisionamiento, el desprovisionamiento y las auditor\u00edas de cumplimiento, aline\u00e1ndose con los marcos ISO 27001 y NIST 800-63. <\/p><\/div>\n\n\n\n<div class=\"wp-block-custom-card custom-card\" style=\"background-color:#f6f7f6\"><img decoding=\"async\" class=\"custom-card-image\" src=\"https:\/\/hoppsolutions.fun\/wp-content\/uploads\/2025\/08\/fileSheild_icon.svg\" alt=\"Data &amp; Privacy\"\/><h3 class=\"custom-card-title\">Datos y privacidad<\/h3><p class=\"custom-card-text\">Las violaciones de datos erosionan la confianza al instante. El paquete DLP de Quaicy y Crypto Vault protegen la informaci\u00f3n mediante cifrado, tokenizaci\u00f3n y an\u00e1lisis de uso. <br\/><br\/>Los paneles de privacidad automatizan las pol\u00edticas de clasificaci\u00f3n y retenci\u00f3n, garantizando el cumplimiento del GDPR y las leyes regionales. Juntas, estas soluciones preservan la confidencialidad y la integridad a lo largo del ciclo de vida de los datos. <\/p><\/div>\n\n\n\n<div class=\"wp-block-custom-card custom-card\" style=\"background-color:#f6f7f6\"><img decoding=\"async\" class=\"custom-card-image\" src=\"https:\/\/hoppsolutions.fun\/wp-content\/uploads\/2025\/08\/starSheild_icon.svg\" alt=\"Response &amp; Simulation\"\/><h3 class=\"custom-card-title\">Respuesta y simulaci\u00f3n<\/h3><p class=\"custom-card-text\">La preparaci\u00f3n define la resistencia. El kit de herramientas de respuesta a incidentes de Quaicy incluye automatizaci\u00f3n forense, orquestaci\u00f3n de la contenci\u00f3n y plantillas de comunicaci\u00f3n. <br\/><br\/>Los programas complementarios de los Equipos Rojo\/Azul\/P\u00farpura simulan ataques para probar la eficacia de la detecci\u00f3n y la coordinaci\u00f3n. Los ejercicios continuos perfeccionan tanto la tecnolog\u00eda como la capacidad de respuesta humana. <\/p><\/div>\n\n\n\n<div class=\"wp-block-custom-card custom-card\" style=\"background-color:#f6f7f6\"><img decoding=\"async\" class=\"custom-card-image\" src=\"https:\/\/hoppsolutions.fun\/wp-content\/uploads\/2025\/08\/profileSettings_icon.svg\" alt=\"SME Security\"\/><h3 class=\"custom-card-title\">Seguridad de las PYME<\/h3><p class=\"custom-card-text\">Las peque\u00f1as empresas merecen una protecci\u00f3n de nivel empresarial sin complejidad. Nuestro Portal de Seguridad para PYMES ofrece paneles simplificados, defensa de puntos finales y simulaciones de phishing. <br\/><br\/>Todo se gestiona a trav\u00e9s de una consola unificada en la nube, lo que permite una visibilidad del cumplimiento y una reparaci\u00f3n r\u00e1pida, democratizando la ciberseguridad para las empresas en crecimiento.<\/p><\/div>\n<p style=\"display:none\">service-single<\/p><\/div>\n\n<div class=\"wp-block-custom-take-control-section take-control-section\"><h2 class=\"title\"><mark style=\"background-color:rgba(0, 0, 0, 0)\" class=\"has-inline-color has-primary-color\">Reserva<\/mark> una evaluaci\u00f3n de seguridad<\/h2><p class=\"description\">Eval\u00faa la postura de seguridad de tu organizaci\u00f3n y descubre vulnerabilidades con una evaluaci\u00f3n exhaustiva realizada por expertos.<\/p><div class=\"buttons\"><a href=\"\/contact\" class=\"btn btn-contact\"><span class=\"btn-contact-text\">Habla con un experto<\/span><\/a><a href=\"\/contact\" class=\"btn btn-schedule\"><span class=\"btn-schedule-text\">Contactar con Ventas<\/span><\/a><\/div><\/div>\n","protected":false},"excerpt":{"rendered":"","protected":false},"author":2,"featured_media":0,"parent":0,"menu_order":0,"comment_status":"closed","ping_status":"closed","template":"page-with-title","meta":{"_acf_changed":false,"_crdt_document":"","footnotes":""},"class_list":["post-2128","page","type-page","status-publish","hentry"],"acf":[],"structured_blocks":[{"type":"hero","title":"<mark style=\"background-color:rgba(0, 0, 0, 0)\" class=\"has-inline-color has-primary-color\">Cyber Resilience<\/mark>  para un mundo impulsado por la Inteligencia Artificial y la Cu\u00e1ntica.","subtitle":"La ciberseguridad es la columna vertebral de la confianza digital. Quaicy proporciona plataformas de \u00faltima generaci\u00f3n, preparadas para proteger identidades, API e infraestructuras, respaldadas por la confianza cero y la supervisi\u00f3n continua. ","text":"","image":"https:\/\/hoppsolutions.fun\/wp-content\/uploads\/2025\/10\/animated-3d-blue-moving-square-grid-background-cyber-and-technology-background-looped-free-video-scaled.jpg","buttonText":"","buttonUrl":"#123","buttonIcon":""},{"type":"gauge_grid","cards":[{"type":"gauge_card","title":"Threat Detection Efficiency","label":"","value":89,"maxValue":100,"unit":"%","description":"How quickly threats are detected and prioritized by your SOC\/Threat Intel systems.","buttonText":"","buttonUrl":"","backgroundColor":"","gaugeColor":"#0073aa"},{"type":"gauge_card","title":"Identity & Access Risk","label":"","value":99,"maxValue":100,"unit":"%","description":"Security posture of identities and access control.","buttonText":"","buttonUrl":"","backgroundColor":"","gaugeColor":"#0073aa"},{"type":"gauge_card","title":"Data Privacy & Compliance","label":"","value":87,"maxValue":100,"unit":"%","description":"Data protection, encryption, and regulatory compliance.","buttonText":"","buttonUrl":"","backgroundColor":"","gaugeColor":"#0073aa"}],"backgroundColor":"","columns":3},{"type":"card_grid","cards":[{"title":"Detecci\u00f3n y vigilancia de amenazas","text":"Las ciberamenazas evolucionan m\u00e1s r\u00e1pido de lo que pueden adaptarse las defensas manuales. La plataforma SOC de nueva generaci\u00f3n de Quaicy integra SIEM\/XDR con detecci\u00f3n de anomal\u00edas basada en IA e inteligencia global sobre amenazas. <br\/><br\/>Correlaciona la telemetr\u00eda de la red, los terminales y la nube para identificar incidentes en tiempo real. Las gu\u00edas de respuesta automatizadas reducen el tiempo medio de respuesta (MTTR), mientras que los analistas obtienen una visibilidad completa a trav\u00e9s de paneles intuitivos. <br\/><br\/>Este modelo de defensa proactiva transforma la ciberseguridad de una lucha contra incendios reactiva en una garant\u00eda continua.","imageUrl":"https:\/\/hoppsolutions.fun\/wp-content\/uploads\/2025\/08\/paddlock_icon.svg","backgroundColor":"#f6f7f6","items":[],"afterListText":"","buttonText":"","buttonUrl":"","buttonColor":"#0073aa"},{"title":"Identidad y acceso","text":"La identidad es el nuevo per\u00edmetro. La Suite IAM de Quaicy y la Plataforma de Confianza Cero imponen el acceso con menos privilegios a trav\u00e9s de infraestructuras h\u00edbridas. <br\/><br\/>La autenticaci\u00f3n multifactor adaptable, el control de sesi\u00f3n basado en riesgos y la seguridad de la pasarela API garantizan que s\u00f3lo las entidades verificadas interact\u00faan con los recursos cr\u00edticos. El gobierno central simplifica el aprovisionamiento, el desprovisionamiento y las auditor\u00edas de cumplimiento, aline\u00e1ndose con los marcos ISO 27001 y NIST 800-63. ","imageUrl":"https:\/\/hoppsolutions.fun\/wp-content\/uploads\/2025\/08\/community_icon.svg","backgroundColor":"#f6f7f6","items":[],"afterListText":"","buttonText":"","buttonUrl":"","buttonColor":"#0073aa"},{"title":"Datos y privacidad","text":"Las violaciones de datos erosionan la confianza al instante. El paquete DLP de Quaicy y Crypto Vault protegen la informaci\u00f3n mediante cifrado, tokenizaci\u00f3n y an\u00e1lisis de uso. <br\/><br\/>Los paneles de privacidad automatizan las pol\u00edticas de clasificaci\u00f3n y retenci\u00f3n, garantizando el cumplimiento del GDPR y las leyes regionales. Juntas, estas soluciones preservan la confidencialidad y la integridad a lo largo del ciclo de vida de los datos. ","imageUrl":"https:\/\/hoppsolutions.fun\/wp-content\/uploads\/2025\/08\/fileSheild_icon.svg","backgroundColor":"#f6f7f6","items":[],"afterListText":"","buttonText":"","buttonUrl":"","buttonColor":"#0073aa"},{"title":"Respuesta y simulaci\u00f3n","text":"La preparaci\u00f3n define la resistencia. El kit de herramientas de respuesta a incidentes de Quaicy incluye automatizaci\u00f3n forense, orquestaci\u00f3n de la contenci\u00f3n y plantillas de comunicaci\u00f3n. <br\/><br\/>Los programas complementarios de los Equipos Rojo\/Azul\/P\u00farpura simulan ataques para probar la eficacia de la detecci\u00f3n y la coordinaci\u00f3n. Los ejercicios continuos perfeccionan tanto la tecnolog\u00eda como la capacidad de respuesta humana. ","imageUrl":"https:\/\/hoppsolutions.fun\/wp-content\/uploads\/2025\/08\/starSheild_icon.svg","backgroundColor":"#f6f7f6","items":[],"afterListText":"","buttonText":"","buttonUrl":"","buttonColor":"#0073aa"},{"title":"Seguridad de las PYME","text":"Las peque\u00f1as empresas merecen una protecci\u00f3n de nivel empresarial sin complejidad. Nuestro Portal de Seguridad para PYMES ofrece paneles simplificados, defensa de puntos finales y simulaciones de phishing. <br\/><br\/>Todo se gestiona a trav\u00e9s de una consola unificada en la nube, lo que permite una visibilidad del cumplimiento y una reparaci\u00f3n r\u00e1pida, democratizando la ciberseguridad para las empresas en crecimiento.","imageUrl":"https:\/\/hoppsolutions.fun\/wp-content\/uploads\/2025\/08\/profileSettings_icon.svg","backgroundColor":"#f6f7f6","items":[],"afterListText":"","buttonText":"","buttonUrl":"","buttonColor":"#0073aa"}],"sections":[],"grid_type":"service-single","grid_title":"","grid_title_image":"","backgroundColor":"","backgroundImage":""},{"type":"take_control_section","title":"<mark style=\"background-color:rgba(0, 0, 0, 0)\" class=\"has-inline-color has-primary-color\">Reserva<\/mark> una evaluaci\u00f3n de seguridad","description":"Eval\u00faa la postura de seguridad de tu organizaci\u00f3n y descubre vulnerabilidades con una evaluaci\u00f3n exhaustiva realizada por expertos.","contact_cta":{"text":"Habla con un experto","url":"\/contact"},"schedule_cta":{"text":"Contactar con Ventas","url":"\/contact"}}],"_links":{"self":[{"href":"https:\/\/hoppsolutions.fun\/es\/wp-json\/wp\/v2\/pages\/2128","targetHints":{"allow":["GET"]}}],"collection":[{"href":"https:\/\/hoppsolutions.fun\/es\/wp-json\/wp\/v2\/pages"}],"about":[{"href":"https:\/\/hoppsolutions.fun\/es\/wp-json\/wp\/v2\/types\/page"}],"author":[{"embeddable":true,"href":"https:\/\/hoppsolutions.fun\/es\/wp-json\/wp\/v2\/users\/2"}],"replies":[{"embeddable":true,"href":"https:\/\/hoppsolutions.fun\/es\/wp-json\/wp\/v2\/comments?post=2128"}],"version-history":[{"count":6,"href":"https:\/\/hoppsolutions.fun\/es\/wp-json\/wp\/v2\/pages\/2128\/revisions"}],"predecessor-version":[{"id":2293,"href":"https:\/\/hoppsolutions.fun\/es\/wp-json\/wp\/v2\/pages\/2128\/revisions\/2293"}],"wp:attachment":[{"href":"https:\/\/hoppsolutions.fun\/es\/wp-json\/wp\/v2\/media?parent=2128"}],"curies":[{"name":"wp","href":"https:\/\/api.w.org\/{rel}","templated":true}]}}