{"id":2149,"date":"2025-09-30T13:02:38","date_gmt":"2025-09-30T13:02:38","guid":{"rendered":"https:\/\/hoppsolutions.fun\/privacidad\/"},"modified":"2025-11-06T14:16:57","modified_gmt":"2025-11-06T14:16:57","slug":"privacy","status":"publish","type":"page","link":"https:\/\/hoppsolutions.fun\/es\/privacy\/","title":{"rendered":"Privacidad"},"content":{"rendered":"\n<div class=\"wp-block-custom-hero custom-hero\" style=\"background-image:url(https:\/\/hoppsolutions.fun\/wp-content\/uploads\/2025\/09\/edc323315c2c40efba011bb78ddef4d2.jpg)\"><h1 class=\"hero-title\"><mark style=\"background-color:rgba(0, 0, 0, 0)\" class=\"has-inline-color has-primary-color\">Privacy Policy<\/mark><\/h1><h3 class=\"hero-subtitle\"><\/h3><p class=\"hero-text\"><\/p><a href=\"#\" class=\"hero-button\"><span class=\"hero-button-text\"><\/span><\/a><\/div>\n\n<p class=\"wp-block-paragraph\">\u00daltima actualizaci\u00f3n: Octubre de 2025<\/p>\n\n<h2 class=\"wp-block-heading\">1. Introducci\u00f3n<\/h2>\n\n<p class=\"wp-block-paragraph\">Valoramos tu privacidad y nos comprometemos a proteger tus datos personales. Esta Pol\u00edtica de Privacidad explica c\u00f3mo recopilamos, utilizamos y salvaguardamos la informaci\u00f3n de conformidad con <strong>el Reglamento General de Protecci\u00f3n de Datos (RGPD)<\/strong>, la <strong>Ley Federal Suiza de Protecci\u00f3n de Datos (LFPD)<\/strong> y otras leyes globales de privacidad aplicables. <\/p>\n\n<h2 class=\"wp-block-heading\">2. Controlador de datos<\/h2>\n\n<p class=\"wp-block-paragraph\">El responsable del tratamiento de tus datos personales es:<br\/><strong>Quaicy<\/strong><br\/><strong>Bodenhof 2, K\u00fcssnacht am Rigi 6403, Schwyz<\/strong><br\/>Correo electr\u00f3nico: info@quiacy.ch<br\/>Si te encuentras en Suiza, nuestro representante suizo en virtud del art\u00edculo 14 de la FADP es: <strong>Quaicy, Bodenhof 2, K\u00fcssnacht am Rigi 6403, Schwyz<\/strong>.<\/p>\n\n<h2 class=\"wp-block-heading\">3. Datos que recogemos<\/h2>\n\n<p class=\"wp-block-paragraph\">Podemos recoger las siguientes categor\u00edas de datos personales:<\/p>\n\n<ul class=\"wp-block-list\">\n<li>Datos de contacto (nombre, correo electr\u00f3nico, n\u00famero de tel\u00e9fono)<\/li>\n\n\n\n<li>Informaci\u00f3n de la cuenta (nombre de usuario, credenciales de acceso)<\/li>\n\n\n\n<li>Datos de uso (p\u00e1ginas visitadas, direcci\u00f3n IP, tipo de navegador, informaci\u00f3n del dispositivo)<\/li>\n\n\n\n<li>Datos de comunicaci\u00f3n (mensajes, consultas)<\/li>\n\n\n\n<li>Preferencias de marketing y estado del consentimiento<\/li>\n<\/ul>\n\n<h2 class=\"wp-block-heading\">4. Finalidad y fundamento jur\u00eddico<\/h2>\n\n<p class=\"wp-block-paragraph\">Tratamos tus datos para:<\/p>\n\n<ul class=\"wp-block-list\">\n<li>Prestar y mejorar nuestros servicios<\/li>\n\n\n\n<li>Respuesta a consultas y atenci\u00f3n al cliente<\/li>\n\n\n\n<li>Comunicaciones de marketing (s\u00f3lo con consentimiento)<\/li>\n\n\n\n<li>Cumplir las obligaciones legales<\/li>\n\n\n\n<li>Seguridad y prevenci\u00f3n del fraude<\/li>\n<\/ul>\n\n<p class=\"wp-block-paragraph\"><strong>Bases jur\u00eddicas:<\/strong> Consentimiento (Art. 6(1)(a) GDPR), Contrato (Art. 6(1)(b)), Obligaci\u00f3n legal (Art. 6(1)(c)), Intereses leg\u00edtimos (Art. 6(1)(f)).<\/p>\n\n<h2 class=\"wp-block-heading\">5. Transferencia de datos<\/h2>\n\n<p class=\"wp-block-paragraph\">Tus datos pueden ser procesados o almacenados en pa\u00edses distintos al tuyo. Cuando se producen estas transferencias, nos aseguramos de que existen las garant\u00edas adecuadas, como <strong>las Cl\u00e1usulas Contractuales Tipo (CCT)<\/strong> o las <strong>decisiones de adecuaci\u00f3n<\/strong> de la Comisi\u00f3n Europea o del Consejo Federal Suizo. <\/p>\n\n<h2 class=\"wp-block-heading\">6. Conservaci\u00f3n de datos<\/h2>\n\n<p class=\"wp-block-paragraph\">Conservamos tus datos personales s\u00f3lo el tiempo necesario para los fines indicados o seg\u00fan lo exija la ley.<\/p>\n\n<h2 class=\"wp-block-heading\">7. Tus derechos<\/h2>\n\n<p class=\"wp-block-paragraph\">Tienes derecho a:<\/p>\n\n<ul class=\"wp-block-list\">\n<li>Accede a tus datos<\/li>\n\n\n\n<li>Solicitar correcci\u00f3n o supresi\u00f3n<\/li>\n\n\n\n<li>Restringir u oponerse al tratamiento<\/li>\n\n\n\n<li>Portabilidad de los datos<\/li>\n\n\n\n<li>Retirar el consentimiento en cualquier momento<\/li>\n\n\n\n<li>Presentar una reclamaci\u00f3n ante una autoridad supervisora<\/li>\n\n\n\n<li><\/li>\n<\/ul>\n\n<h2 class=\"wp-block-heading\">8. Seguridad<\/h2>\n\n<p class=\"wp-block-paragraph\">Utilizamos medidas t\u00e9cnicas y organizativas para proteger tus datos personales contra el acceso no autorizado, la p\u00e9rdida o el uso indebido.<\/p>\n\n<h2 class=\"wp-block-heading\">9. Actualiza<\/h2>\n\n<p class=\"wp-block-paragraph\">Podemos actualizar esta Pol\u00edtica de Privacidad de vez en cuando. La \u00faltima versi\u00f3n estar\u00e1 siempre disponible en esta p\u00e1gina. <\/p>\n\n<h2 class=\"wp-block-heading\">10. Contacta con<\/h2>\n\n<p class=\"wp-block-paragraph\">Si tienes alguna pregunta sobre esta Pol\u00edtica de Privacidad, ponte en contacto con nosotros en:<br\/>info@quaicy.ch<\/p>\n","protected":false},"excerpt":{"rendered":"<p>\u00daltima actualizaci\u00f3n: Octubre de 2025 1. Introducci\u00f3n Valoramos tu privacidad y nos comprometemos a proteger tus datos personales. Esta Pol\u00edtica de Privacidad explica c\u00f3mo recopilamos, utilizamos y salvaguardamos la informaci\u00f3n de conformidad con el Reglamento General de Protecci\u00f3n de Datos (RGPD), la Ley Federal Suiza de Protecci\u00f3n de Datos (LFPD) y otras leyes globales de [&hellip;]<\/p>\n","protected":false},"author":4,"featured_media":0,"parent":0,"menu_order":0,"comment_status":"closed","ping_status":"closed","template":"page-with-title","meta":{"_acf_changed":false,"_crdt_document":"","footnotes":""},"class_list":["post-2149","page","type-page","status-publish","hentry"],"acf":[],"structured_blocks":[{"type":"hero","title":"<mark style=\"background-color:rgba(0, 0, 0, 0)\" class=\"has-inline-color has-primary-color\">Privacy Policy<\/mark>","subtitle":"","text":"","image":"https:\/\/hoppsolutions.fun\/wp-content\/uploads\/2025\/09\/edc323315c2c40efba011bb78ddef4d2.jpg","buttonText":"","buttonUrl":"","buttonIcon":""},{"type":"paragraph","content":"<p>\u00daltima actualizaci\u00f3n: Octubre de 2025<\/p>"},{"type":"heading","level":2,"content":"1. Introducci\u00f3n"},{"type":"paragraph","content":"<p>Valoramos tu privacidad y nos comprometemos a proteger tus datos personales. Esta Pol\u00edtica de Privacidad explica c\u00f3mo recopilamos, utilizamos y salvaguardamos la informaci\u00f3n de conformidad con <strong>el Reglamento General de Protecci\u00f3n de Datos (RGPD)<\/strong>, la <strong>Ley Federal Suiza de Protecci\u00f3n de Datos (LFPD)<\/strong> y otras leyes globales de privacidad aplicables. <\/p>"},{"type":"heading","level":2,"content":"2. Controlador de datos"},{"type":"paragraph","content":"<p>El responsable del tratamiento de tus datos personales es:<br\/><strong>Quaicy<\/strong><br\/><strong>Bodenhof 2, K\u00fcssnacht am Rigi 6403, Schwyz<\/strong><br\/>Correo electr\u00f3nico: info@quiacy.ch<br\/>Si te encuentras en Suiza, nuestro representante suizo en virtud del art\u00edculo 14 de la FADP es: <strong>Quaicy, Bodenhof 2, K\u00fcssnacht am Rigi 6403, Schwyz<\/strong>.<\/p>"},{"type":"heading","level":2,"content":"3. Datos que recogemos"},{"type":"paragraph","content":"<p>Podemos recoger las siguientes categor\u00edas de datos personales:<\/p>"},{"type":"list","ordered":false,"items":["Datos de contacto (nombre, correo electr\u00f3nico, n\u00famero de tel\u00e9fono)","Informaci\u00f3n de la cuenta (nombre de usuario, credenciales de acceso)","Datos de uso (p\u00e1ginas visitadas, direcci\u00f3n IP, tipo de navegador, informaci\u00f3n del dispositivo)","Datos de comunicaci\u00f3n (mensajes, consultas)","Preferencias de marketing y estado del consentimiento"]},{"type":"heading","level":2,"content":"4. Finalidad y fundamento jur\u00eddico"},{"type":"paragraph","content":"<p>Tratamos tus datos para:<\/p>"},{"type":"list","ordered":false,"items":["Prestar y mejorar nuestros servicios","Respuesta a consultas y atenci\u00f3n al cliente","Comunicaciones de marketing (s\u00f3lo con consentimiento)","Cumplir las obligaciones legales","Seguridad y prevenci\u00f3n del fraude"]},{"type":"paragraph","content":"<p><strong>Bases jur\u00eddicas:<\/strong> Consentimiento (Art. 6(1)(a) GDPR), Contrato (Art. 6(1)(b)), Obligaci\u00f3n legal (Art. 6(1)(c)), Intereses leg\u00edtimos (Art. 6(1)(f)).<\/p>"},{"type":"heading","level":2,"content":"5. Transferencia de datos"},{"type":"paragraph","content":"<p>Tus datos pueden ser procesados o almacenados en pa\u00edses distintos al tuyo. Cuando se producen estas transferencias, nos aseguramos de que existen las garant\u00edas adecuadas, como <strong>las Cl\u00e1usulas Contractuales Tipo (CCT)<\/strong> o las <strong>decisiones de adecuaci\u00f3n<\/strong> de la Comisi\u00f3n Europea o del Consejo Federal Suizo. <\/p>"},{"type":"heading","level":2,"content":"6. Conservaci\u00f3n de datos"},{"type":"paragraph","content":"<p>Conservamos tus datos personales s\u00f3lo el tiempo necesario para los fines indicados o seg\u00fan lo exija la ley.<\/p>"},{"type":"heading","level":2,"content":"7. Tus derechos"},{"type":"paragraph","content":"<p>Tienes derecho a:<\/p>"},{"type":"list","ordered":false,"items":["Accede a tus datos","Solicitar correcci\u00f3n o supresi\u00f3n","Restringir u oponerse al tratamiento","Portabilidad de los datos","Retirar el consentimiento en cualquier momento","Presentar una reclamaci\u00f3n ante una autoridad supervisora",""]},{"type":"heading","level":2,"content":"8. Seguridad"},{"type":"paragraph","content":"<p>Utilizamos medidas t\u00e9cnicas y organizativas para proteger tus datos personales contra el acceso no autorizado, la p\u00e9rdida o el uso indebido.<\/p>"},{"type":"heading","level":2,"content":"9. Actualiza"},{"type":"paragraph","content":"<p>Podemos actualizar esta Pol\u00edtica de Privacidad de vez en cuando. La \u00faltima versi\u00f3n estar\u00e1 siempre disponible en esta p\u00e1gina. <\/p>"},{"type":"heading","level":2,"content":"10. Contacta con"},{"type":"paragraph","content":"<p>Si tienes alguna pregunta sobre esta Pol\u00edtica de Privacidad, ponte en contacto con nosotros en:<br\/>info@quaicy.ch<\/p>"}],"_links":{"self":[{"href":"https:\/\/hoppsolutions.fun\/es\/wp-json\/wp\/v2\/pages\/2149","targetHints":{"allow":["GET"]}}],"collection":[{"href":"https:\/\/hoppsolutions.fun\/es\/wp-json\/wp\/v2\/pages"}],"about":[{"href":"https:\/\/hoppsolutions.fun\/es\/wp-json\/wp\/v2\/types\/page"}],"author":[{"embeddable":true,"href":"https:\/\/hoppsolutions.fun\/es\/wp-json\/wp\/v2\/users\/4"}],"replies":[{"embeddable":true,"href":"https:\/\/hoppsolutions.fun\/es\/wp-json\/wp\/v2\/comments?post=2149"}],"version-history":[{"count":1,"href":"https:\/\/hoppsolutions.fun\/es\/wp-json\/wp\/v2\/pages\/2149\/revisions"}],"predecessor-version":[{"id":2151,"href":"https:\/\/hoppsolutions.fun\/es\/wp-json\/wp\/v2\/pages\/2149\/revisions\/2151"}],"wp:attachment":[{"href":"https:\/\/hoppsolutions.fun\/es\/wp-json\/wp\/v2\/media?parent=2149"}],"curies":[{"name":"wp","href":"https:\/\/api.w.org\/{rel}","templated":true}]}}