{"id":2197,"date":"2025-08-11T10:39:39","date_gmt":"2025-08-11T10:39:39","guid":{"rendered":"https:\/\/hoppsolutions.fun\/quienes-somos\/"},"modified":"2025-11-10T11:13:55","modified_gmt":"2025-11-10T11:13:55","slug":"about-us","status":"publish","type":"page","link":"https:\/\/hoppsolutions.fun\/es\/about-us\/","title":{"rendered":"Qui\u00e9nes somos"},"content":{"rendered":"\n<div class=\"wp-block-custom-hero custom-hero\" style=\"background-image:url(https:\/\/hoppsolutions.fun\/wp-content\/uploads\/2025\/10\/artificial-intelligence-ai-machine-learning-neural-networks-modern-computer-technologies-concept-scaled.webp)\"><h1 class=\"hero-title\"><mark style=\"background-color:rgba(0, 0, 0, 0)\" class=\"has-inline-color has-primary-color\">Beyond Technology<\/mark>  &#8211; Generamos confianza, resistencia e innovaci\u00f3n.<\/h1><h3 class=\"hero-subtitle\">En Quaicy, fusionamos la Ciencia Cu\u00e1ntica, la Inteligencia Artificial y la Ciberseguridad para ayudar a las organizaciones a prosperar en un mundo definido por la complejidad y el cambio r\u00e1pido.<\/h3><p class=\"hero-text\"><\/p><a href=\"#\" class=\"hero-button\"><span class=\"hero-button-text\"><\/span><\/a><\/div>\n\n<div class=\"wp-block-custom-simple-text custom-simple-text\" style=\"display:flex;flex-direction:row-reverse;align-items:center;gap:16px\"><div style=\"width:60%\"><h2>Qui\u00e9n  <mark style=\"background-color:rgba(0, 0, 0, 0)\" class=\"has-inline-color has-primary-color\">\u00bfLo somos?<\/mark><\/h2><p>Quaicy es una empresa de tecnolog\u00eda e innovaci\u00f3n con sede en Suiza especializada en Seguridad Cu\u00e1ntica Segura, Inteligencia Artificial y Ciberdefensa. Nuestro prop\u00f3sito es dotar a las organizaciones de tecnolog\u00edas seguras por dise\u00f1o, conformes por defecto e inteligentes por naturaleza. <br\/><br\/>Combinamos d\u00e9cadas de experiencia en ciberseguridad, arquitectura en la nube e ingenier\u00eda de IA para crear soluciones que cumplan los m\u00e1s altos est\u00e1ndares de fiabilidad y confianza. Desde la estrategia hasta la implantaci\u00f3n, actuamos como socio tecnol\u00f3gico a largo plazo, alineando la innovaci\u00f3n con la seguridad y la \u00e9tica. <\/p><\/div><\/div>\n\n<div class=\"wp-block-custom-simple-text custom-simple-text\" style=\"display:flex;flex-direction:row-reverse;align-items:center;gap:16px\"><img decoding=\"async\" src=\"https:\/\/hoppsolutions.fun\/wp-content\/uploads\/2025\/08\/IMG-178.webp\" alt=\"Our &lt;mark style=&quot;background-color:rgba(0, 0, 0, 0)&quot; class=&quot;has-inline-color has-primary-color&quot;&gt;Mission&lt;\/mark&gt;\" style=\"width:40%;border-radius:6px\"\/><div style=\"width:60%\"><h2>Nuestra  <mark style=\"background-color:rgba(0, 0, 0, 0)\" class=\"has-inline-color has-primary-color\">Misi\u00f3n<\/mark><\/h2><p>Posibilitar un mundo digital seguro, inteligente y sostenible mediante la creaci\u00f3n de tecnolog\u00edas que protejan los datos, capaciten a las personas e inspiren la innovaci\u00f3n.<br\/><br\/>Creemos que la inform\u00e1tica cu\u00e1ntica, la inteligencia artificial y el ingenio humano pueden coexistir para crear sistemas que no s\u00f3lo sean eficientes, sino tambi\u00e9n \u00e9ticos y resistentes. Nuestra misi\u00f3n es hacer realidad esa coexistencia, de forma responsable y global. <\/p><\/div><\/div>\n\n<div class=\"wp-block-custom-simple-text custom-simple-text\" style=\"display:flex;flex-direction:row;align-items:center;gap:16px\"><img decoding=\"async\" src=\"https:\/\/hoppsolutions.fun\/wp-content\/uploads\/2025\/08\/IMG-181.webp\" alt=\"Our &lt;mark style=&quot;background-color:rgba(0, 0, 0, 0)&quot; class=&quot;has-inline-color has-primary-color&quot;&gt;Vision&lt;\/mark&gt;\" style=\"width:40%;border-radius:6px\"\/><div style=\"width:60%\"><h2>Nuestra  <mark style=\"background-color:rgba(0, 0, 0, 0)\" class=\"has-inline-color has-primary-color\">Visi\u00f3n<\/mark><\/h2><p>Convertirnos en el socio global de mayor confianza en Ciberseguridad Cu\u00e1ntica Segura e Impulsada por la IA, estableciendo nuevos est\u00e1ndares de integridad, excelencia e impacto en la era digital.<br\/><br\/>Imaginamos un futuro en el que las empresas, los gobiernos y las personas operen con confianza, sabiendo que sus datos, sistemas y valores est\u00e1n salvaguardados por una tecnolog\u00eda construida con previsi\u00f3n y responsabilidad.<\/p><\/div><\/div>\n\n<div class=\"wp-block-custom-simple-text custom-simple-text\" style=\"display:flex;flex-direction:row-reverse;align-items:center;gap:16px\"><div style=\"width:60%\"><h2>Nuestra  <mark style=\"background-color:rgba(0, 0, 0, 0)\" class=\"has-inline-color has-primary-color\">Valores fundamentales<\/mark><\/h2><p>Estos principios gu\u00edan todo lo que hacemos, desde c\u00f3mo desarrollamos nuestros productos hasta c\u00f3mo<br\/>interactuamos con nuestros clientes y entre nosotros.<\/p><\/div><\/div>\n\n<div class=\"wp-block-custom-card-grid custom-card-grid\" style=\"background-color:#f9fafb;background-size:cover;background-position:center;padding:20px\">\n<div class=\"wp-block-custom-card custom-card\" style=\"background-color:#ffffff\"><img decoding=\"async\" class=\"custom-card-image\" src=\"https:\/\/hoppsolutions.fun\/wp-content\/uploads\/2025\/08\/achievement_icon.svg\" alt=\"&#xA0;Integrity Above All\"\/><h3 class=\"custom-card-title\">  Integridad por encima de todo<\/h3><p class=\"custom-card-text\">Defendemos la honradez, la responsabilidad y la innovaci\u00f3n \u00e9tica. La confianza es la base de todo lo que construimos. <\/p><\/div>\n\n\n\n<div class=\"wp-block-custom-card custom-card\" style=\"background-color:#ffffff\"><img decoding=\"async\" class=\"custom-card-image\" src=\"https:\/\/hoppsolutions.fun\/wp-content\/uploads\/2025\/08\/paddlock_icon.svg\" alt=\"Security by Design\"\/><h3 class=\"custom-card-title\">Seguridad por dise\u00f1o<\/h3><p class=\"custom-card-text\">Todas las soluciones que creamos empiezan por la seguridad, desde la arquitectura hasta la implantaci\u00f3n.<\/p><\/div>\n\n\n\n<div class=\"wp-block-custom-card custom-card\" style=\"background-color:#ffffff\"><img decoding=\"async\" class=\"custom-card-image\" src=\"https:\/\/hoppsolutions.fun\/wp-content\/uploads\/2025\/08\/profileSettings_icon.svg\" alt=\"Innovation with Purpose\"\/><h3 class=\"custom-card-title\">Innovaci\u00f3n con prop\u00f3sito<\/h3><p class=\"custom-card-text\">Abrazamos el cambio y las tecnolog\u00edas emergentes, pero siempre al servicio del valor humano y organizativo real.<\/p><\/div>\n\n\n\n<div class=\"wp-block-custom-card custom-card\" style=\"background-color:#ffffff\"><img decoding=\"async\" class=\"custom-card-image\" src=\"https:\/\/hoppsolutions.fun\/wp-content\/uploads\/2025\/08\/globus_icon.svg\" alt=\"Global Responsibility\"\/><h3 class=\"custom-card-title\">Responsabilidad global<\/h3><p class=\"custom-card-text\">Defendemos la privacidad, la protecci\u00f3n de datos y la sostenibilidad de acuerdo con el GDPR, la ISO 27001 y la Ley de AI de la UE.<\/p><\/div>\n\n\n\n<div class=\"wp-block-custom-card custom-card\" style=\"background-color:#ffffff\"><img decoding=\"async\" class=\"custom-card-image\" src=\"https:\/\/hoppsolutions.fun\/wp-content\/uploads\/2025\/08\/flag_icon.svg\" alt=\"Excellence in Execution\"\/><h3 class=\"custom-card-title\">Excelencia en la ejecuci\u00f3n<\/h3><p class=\"custom-card-text\">Nuestro compromiso con la calidad se extiende a todos los detalles: dise\u00f1o, c\u00f3digo, gobernanza y servicio.<\/p><\/div>\n\n\n\n<div class=\"wp-block-custom-card custom-card\" style=\"background-color:#ffffff\"><img decoding=\"async\" class=\"custom-card-image\" src=\"https:\/\/hoppsolutions.fun\/wp-content\/uploads\/2025\/08\/community_icon.svg\" alt=\"Collaboration and Transparency\"\/><h3 class=\"custom-card-title\">Colaboraci\u00f3n y transparencia<\/h3><p class=\"custom-card-text\">Colaboramos estrechamente con clientes, instituciones de investigaci\u00f3n y l\u00edderes del sector para co-crear soluciones que perduren.<\/p><\/div>\n<p style=\"display:none\">default<\/p><\/div>\n\n<div class=\"wp-block-custom-journey custom-journey-block\" style=\"display:flex;flex-direction:column;gap:20px\"><div style=\"display:flex;align-items:center;gap:16px;background:#f0f8ff;padding:10px;border-radius:6px\"><img decoding=\"async\" src=\"http:\/\/hoppsolutions.fun\/wp-content\/uploads\/2025\/08\/flag_icon.svg\" alt=\"Icono\" style=\"width:40px\"><div><h3>2018 &#8211; Fundaci\u00f3n<\/h3><p>Abrimos nuestra primera oficina internacional en Londres y empezamos a prestar servicios a clientes de toda Europa y Asia.<\/p><\/div><\/div><div style=\"display:flex;align-items:center;gap:16px;background:#f0f8ff;padding:10px;border-radius:6px\"><img decoding=\"async\" src=\"http:\/\/hoppsolutions.fun\/wp-content\/uploads\/2025\/08\/achievement_icon-1.svg\" alt=\"Icono\" style=\"width:40px\"><div><h3>2019 &#8211; Primer cliente importante<\/h3><p>Conseguimos nuestro primer cliente empresarial y ampliamos el equipo a 15 miembros para atender la creciente demanda.<\/p><\/div><\/div><div style=\"display:flex;align-items:center;gap:16px;background:#f0f8ff;padding:10px;border-radius:6px\"><img decoding=\"async\" src=\"http:\/\/hoppsolutions.fun\/wp-content\/uploads\/2025\/08\/globus_icon.svg\" alt=\"Icono\" style=\"width:40px\"><div><h3>2021 &#8211; Expansi\u00f3n internacional<\/h3><p>Abrimos nuestra primera oficina internacional en Londres y empezamos a prestar servicios a clientes de toda Europa y Asia.<\/p><\/div><\/div><div style=\"display:flex;align-items:center;gap:16px;background:#f0f8ff;padding:10px;border-radius:6px\"><img decoding=\"async\" src=\"http:\/\/hoppsolutions.fun\/wp-content\/uploads\/2025\/08\/rocket_icon.svg\" alt=\"Icono\" style=\"width:40px\"><div><h3>2023 &#8211; Lanzamiento de productos importantes<\/h3><p>Lanzamos nuestra plataforma SaaS insignia, revolucionando la forma en que las empresas gestionan su transformaci\u00f3n digital.<\/p><\/div><\/div><div style=\"display:flex;align-items:center;gap:16px;background:#f0f8ff;padding:10px;border-radius:6px\"><img decoding=\"async\" src=\"http:\/\/hoppsolutions.fun\/wp-content\/uploads\/2025\/08\/calendar_icon.svg\" alt=\"Icono\" style=\"width:40px\"><div><h3>2025 &#8211; Actualidad<\/h3><p>Ahora somos un equipo de m\u00e1s de 120 profesionales que atiende a m\u00e1s de 500 clientes en todo el mundo, con un enfoque continuo en la innovaci\u00f3n y la excelencia.<\/p><\/div><\/div><\/div>\n\n<div class=\"wp-block-custom-take-control-section take-control-section\"><h2 class=\"title\">Nuestra promesa.  <mark style=\"background-color:rgba(0, 0, 0, 0)\" class=\"has-inline-color has-primary-color\">Tu misi\u00f3n es nuestro compromiso.<\/mark><\/h2><p class=\"description\">Impulsados por un prop\u00f3sito, estamos a tu lado para garantizar el \u00e9xito de cada misi\u00f3n.<\/p><div class=\"buttons\"><a href=\"\/contact\" class=\"btn btn-contact\"><span class=\"btn-contact-text\">Conoce al equipo<\/span><\/a><a href=\"\/services\/quantum-solutions\" class=\"btn btn-schedule\"><span class=\"btn-schedule-text\">Explora nuestros servicios<\/span><\/a><\/div><\/div>\n","protected":false},"excerpt":{"rendered":"","protected":false},"author":4,"featured_media":0,"parent":0,"menu_order":0,"comment_status":"closed","ping_status":"closed","template":"","meta":{"_acf_changed":false,"_crdt_document":"","footnotes":""},"class_list":["post-2197","page","type-page","status-publish","hentry"],"acf":[],"structured_blocks":[{"type":"hero","title":"<mark style=\"background-color:rgba(0, 0, 0, 0)\" class=\"has-inline-color has-primary-color\">Beyond Technology<\/mark>  - Generamos confianza, resistencia e innovaci\u00f3n.","subtitle":"En Quaicy, fusionamos la Ciencia Cu\u00e1ntica, la Inteligencia Artificial y la Ciberseguridad para ayudar a las organizaciones a prosperar en un mundo definido por la complejidad y el cambio r\u00e1pido.","text":"","image":"https:\/\/hoppsolutions.fun\/wp-content\/uploads\/2025\/10\/artificial-intelligence-ai-machine-learning-neural-networks-modern-computer-technologies-concept-scaled.webp","buttonText":"","buttonUrl":"","buttonIcon":""},{"type":"simple_text","title":"Qui\u00e9n  <mark style=\"background-color:rgba(0, 0, 0, 0)\" class=\"has-inline-color has-primary-color\">\u00bfLo somos?<\/mark>","description":"Quaicy es una empresa de tecnolog\u00eda e innovaci\u00f3n con sede en Suiza especializada en Seguridad Cu\u00e1ntica Segura, Inteligencia Artificial y Ciberdefensa. Nuestro prop\u00f3sito es dotar a las organizaciones de tecnolog\u00edas seguras por dise\u00f1o, conformes por defecto e inteligentes por naturaleza. Combinamos d\u00e9cadas de experiencia en ciberseguridad, arquitectura en la nube e ingenier\u00eda de IA para crear soluciones que cumplan los m\u00e1s altos est\u00e1ndares de fiabilidad y confianza. Desde la estrategia hasta la implantaci\u00f3n, actuamos como socio tecnol\u00f3gico a largo plazo, alineando la innovaci\u00f3n con la seguridad y la \u00e9tica. ","image":"","backgroundColor":"#f9fafb","orientation":"right","contentOrder":""},{"type":"simple_text","title":"Nuestra  <mark style=\"background-color:rgba(0, 0, 0, 0)\" class=\"has-inline-color has-primary-color\">Misi\u00f3n<\/mark>","description":"Posibilitar un mundo digital seguro, inteligente y sostenible mediante la creaci\u00f3n de tecnolog\u00edas que protejan los datos, capaciten a las personas e inspiren la innovaci\u00f3n.Creemos que la inform\u00e1tica cu\u00e1ntica, la inteligencia artificial y el ingenio humano pueden coexistir para crear sistemas que no s\u00f3lo sean eficientes, sino tambi\u00e9n \u00e9ticos y resistentes. Nuestra misi\u00f3n es hacer realidad esa coexistencia, de forma responsable y global. ","image":"https:\/\/hoppsolutions.fun\/wp-content\/uploads\/2025\/08\/IMG-178.webp","backgroundColor":"","orientation":"right","contentOrder":""},{"type":"simple_text","title":"Nuestra  <mark style=\"background-color:rgba(0, 0, 0, 0)\" class=\"has-inline-color has-primary-color\">Visi\u00f3n<\/mark>","description":"Convertirnos en el socio global de mayor confianza en Ciberseguridad Cu\u00e1ntica Segura e Impulsada por la IA, estableciendo nuevos est\u00e1ndares de integridad, excelencia e impacto en la era digital.Imaginamos un futuro en el que las empresas, los gobiernos y las personas operen con confianza, sabiendo que sus datos, sistemas y valores est\u00e1n salvaguardados por una tecnolog\u00eda construida con previsi\u00f3n y responsabilidad.","image":"https:\/\/hoppsolutions.fun\/wp-content\/uploads\/2025\/08\/IMG-181.webp","backgroundColor":"","orientation":"","contentOrder":""},{"type":"simple_text","title":"Nuestra  <mark style=\"background-color:rgba(0, 0, 0, 0)\" class=\"has-inline-color has-primary-color\">Valores fundamentales<\/mark>","description":"Estos principios gu\u00edan todo lo que hacemos, desde c\u00f3mo desarrollamos nuestros productos hasta c\u00f3mointeractuamos con nuestros clientes y entre nosotros.","image":"","backgroundColor":"#f9fafb","orientation":"right","contentOrder":""},{"type":"card_grid","cards":[{"title":"  Integridad por encima de todo","text":"Defendemos la honradez, la responsabilidad y la innovaci\u00f3n \u00e9tica. La confianza es la base de todo lo que construimos. ","imageUrl":"https:\/\/hoppsolutions.fun\/wp-content\/uploads\/2025\/08\/achievement_icon.svg","backgroundColor":"#ffffff","items":[],"afterListText":"","buttonText":"","buttonUrl":"","buttonColor":"#0073aa"},{"title":"Seguridad por dise\u00f1o","text":"Todas las soluciones que creamos empiezan por la seguridad, desde la arquitectura hasta la implantaci\u00f3n.","imageUrl":"https:\/\/hoppsolutions.fun\/wp-content\/uploads\/2025\/08\/paddlock_icon.svg","backgroundColor":"#ffffff","items":[],"afterListText":"","buttonText":"","buttonUrl":"","buttonColor":"#0073aa"},{"title":"Innovaci\u00f3n con prop\u00f3sito","text":"Abrazamos el cambio y las tecnolog\u00edas emergentes, pero siempre al servicio del valor humano y organizativo real.","imageUrl":"https:\/\/hoppsolutions.fun\/wp-content\/uploads\/2025\/08\/profileSettings_icon.svg","backgroundColor":"#ffffff","items":[],"afterListText":"","buttonText":"","buttonUrl":"","buttonColor":"#0073aa"},{"title":"Responsabilidad global","text":"Defendemos la privacidad, la protecci\u00f3n de datos y la sostenibilidad de acuerdo con el GDPR, la ISO 27001 y la Ley de AI de la UE.","imageUrl":"https:\/\/hoppsolutions.fun\/wp-content\/uploads\/2025\/08\/globus_icon.svg","backgroundColor":"#ffffff","items":[],"afterListText":"","buttonText":"","buttonUrl":"","buttonColor":"#0073aa"},{"title":"Excelencia en la ejecuci\u00f3n","text":"Nuestro compromiso con la calidad se extiende a todos los detalles: dise\u00f1o, c\u00f3digo, gobernanza y servicio.","imageUrl":"https:\/\/hoppsolutions.fun\/wp-content\/uploads\/2025\/08\/flag_icon.svg","backgroundColor":"#ffffff","items":[],"afterListText":"","buttonText":"","buttonUrl":"","buttonColor":"#0073aa"},{"title":"Colaboraci\u00f3n y transparencia","text":"Colaboramos estrechamente con clientes, instituciones de investigaci\u00f3n y l\u00edderes del sector para co-crear soluciones que perduren.","imageUrl":"https:\/\/hoppsolutions.fun\/wp-content\/uploads\/2025\/08\/community_icon.svg","backgroundColor":"#ffffff","items":[],"afterListText":"","buttonText":"","buttonUrl":"","buttonColor":"#0073aa"}],"sections":[],"grid_type":"","grid_title":"","grid_title_image":"","backgroundColor":"#f9fafb","backgroundImage":""},{"type":"take_control_section","title":"Nuestra promesa.  <mark style=\"background-color:rgba(0, 0, 0, 0)\" class=\"has-inline-color has-primary-color\">Tu misi\u00f3n es nuestro compromiso.<\/mark>","description":"Impulsados por un prop\u00f3sito, estamos a tu lado para garantizar el \u00e9xito de cada misi\u00f3n.","contact_cta":{"text":"Conoce al equipo","url":"\/contact"},"schedule_cta":{"text":"Explora nuestros servicios","url":"\/services\/quantum-solutions"}}],"_links":{"self":[{"href":"https:\/\/hoppsolutions.fun\/es\/wp-json\/wp\/v2\/pages\/2197","targetHints":{"allow":["GET"]}}],"collection":[{"href":"https:\/\/hoppsolutions.fun\/es\/wp-json\/wp\/v2\/pages"}],"about":[{"href":"https:\/\/hoppsolutions.fun\/es\/wp-json\/wp\/v2\/types\/page"}],"author":[{"embeddable":true,"href":"https:\/\/hoppsolutions.fun\/es\/wp-json\/wp\/v2\/users\/4"}],"replies":[{"embeddable":true,"href":"https:\/\/hoppsolutions.fun\/es\/wp-json\/wp\/v2\/comments?post=2197"}],"version-history":[{"count":2,"href":"https:\/\/hoppsolutions.fun\/es\/wp-json\/wp\/v2\/pages\/2197\/revisions"}],"predecessor-version":[{"id":2274,"href":"https:\/\/hoppsolutions.fun\/es\/wp-json\/wp\/v2\/pages\/2197\/revisions\/2274"}],"wp:attachment":[{"href":"https:\/\/hoppsolutions.fun\/es\/wp-json\/wp\/v2\/media?parent=2197"}],"curies":[{"name":"wp","href":"https:\/\/api.w.org\/{rel}","templated":true}]}}