{"id":2050,"date":"2025-10-21T12:15:40","date_gmt":"2025-10-21T12:15:40","guid":{"rendered":"https:\/\/hoppsolutions.fun\/services-it-digital-transformation\/"},"modified":"2025-11-10T11:16:44","modified_gmt":"2025-11-10T11:16:44","slug":"services-it-digital-transformation","status":"publish","type":"page","link":"https:\/\/hoppsolutions.fun\/fr\/services-it-digital-transformation\/","title":{"rendered":"Services [IT &amp; Digital Transformation]"},"content":{"rendered":"\n<div class=\"wp-block-custom-hero custom-hero\" style=\"background-image:url(https:\/\/hoppsolutions.fun\/wp-content\/uploads\/2025\/10\/man-touching-virtual-screen-futuristic-technology-digital-remix-scaled.webp)\"><h1 class=\"hero-title\">Moderniser, automatiser et optimiser  <mark style=\"background-color:rgba(0, 0, 0, 0)\" class=\"has-inline-color has-primary-color\">Your IT Ecosystem.<\/mark><\/h1><h3 class=\"hero-subtitle\">La transformation num\u00e9rique commence par la visibilit\u00e9 et le contr\u00f4le. Quaicy propose des solutions cloud, d&rsquo;automatisation et FinOps pour g\u00e9rer l&rsquo;infrastructure globale de mani\u00e8re efficace et s\u00e9curis\u00e9e. <br\/><a href=\"https:\/\/quaicy-cms-h7anahc9asf2bcbt.switzerlandnorth-01.azurewebsites.net\/?page_id=903#\"><\/a><\/h3><p class=\"hero-text\"><\/p><a href=\"#\" class=\"hero-button\"><span class=\"hero-button-text\"><\/span><\/a><\/div>\n\n<div class=\"wp-block-custom-card-grid custom-card-grid\" style=\"background-size:cover;background-position:center;padding:20px\">\n<div class=\"wp-block-custom-card custom-card\" style=\"background-color:#f6f7f6\"><img decoding=\"async\" class=\"custom-card-image\" src=\"https:\/\/hoppsolutions.fun\/wp-content\/uploads\/2025\/08\/globus_icon.svg\" alt=\"Hybrid IT Management Console\"\/><h3 class=\"custom-card-title\">Console de gestion de l&rsquo;informatique hybride<\/h3><p class=\"custom-card-text\">La visibilit\u00e9 sur les infrastructures hybrides est essentielle. Notre console regroupe les donn\u00e9es t\u00e9l\u00e9m\u00e9triques provenant de l&rsquo;infrastructure sur site, de l&rsquo;infrastructure en nuage et de la p\u00e9riph\u00e9rie, et les normalise en un seul plan de contr\u00f4le. <br\/><br\/>Les tableaux de bord bas\u00e9s sur les r\u00f4les permettent aux \u00e9quipes d&rsquo;exploitation informatique et de s\u00e9curit\u00e9 d&rsquo;agir rapidement sur les anomalies et les goulots d&rsquo;\u00e9tranglement des performances.<\/p><\/div>\n\n\n\n<div class=\"wp-block-custom-card custom-card\" style=\"background-color:#f6f7f6\"><img decoding=\"async\" class=\"custom-card-image\" src=\"https:\/\/hoppsolutions.fun\/wp-content\/uploads\/2025\/08\/headset_icon.svg\" alt=\"Managed IT Infrastructure Suite\"\/><h3 class=\"custom-card-title\">Suite d&rsquo;infrastructure informatique g\u00e9r\u00e9e<\/h3><p class=\"custom-card-text\">Externaliser la complexit\u00e9, pas le contr\u00f4le. Le service g\u00e9r\u00e9 de Quaicy assure une surveillance 24\/7 des points finaux, des serveurs et des r\u00e9seaux avec des analyses de maintenance pr\u00e9dictive. <br\/><br\/>Les clients b\u00e9n\u00e9ficient d&rsquo;un temps de fonctionnement am\u00e9lior\u00e9, d&rsquo;une fr\u00e9quence d&rsquo;incidents r\u00e9duite et d&rsquo;accords de niveau de service document\u00e9s qui garantissent la responsabilit\u00e9 et la tranquillit\u00e9 d&rsquo;esprit.<\/p><\/div>\n\n\n\n<div class=\"wp-block-custom-card custom-card\" style=\"background-color:#f6f7f6\"><img decoding=\"async\" class=\"custom-card-image\" src=\"https:\/\/hoppsolutions.fun\/wp-content\/uploads\/2025\/08\/Vector-5.svg\" alt=\"Data Governance &amp; MDM Platform\"\/><h3 class=\"custom-card-title\">Gouvernance des donn\u00e9es et plateforme MDM<\/h3><p class=\"custom-card-text\">Les donn\u00e9es fragment\u00e9es conduisent \u00e0 de mauvaises d\u00e9cisions. Le MDM de Quaicy garantit une source unique de v\u00e9rit\u00e9 \u00e0 travers les syst\u00e8mes et les zones g\u00e9ographiques. <br\/><br\/>Les contr\u00f4les automatis\u00e9s de la qualit\u00e9 des donn\u00e9es, le suivi de la lign\u00e9e et l&rsquo;application des politiques garantissent l&rsquo;exactitude et l&rsquo;alignement r\u00e9glementaire.<\/p><\/div>\n\n\n\n<div class=\"wp-block-custom-card custom-card\" style=\"background-color:#f6f7f6\"><img decoding=\"async\" class=\"custom-card-image\" src=\"https:\/\/hoppsolutions.fun\/wp-content\/uploads\/2025\/08\/strikeSheild_icon.svg\" alt=\"Workflow &amp; RPA Automation Toolkit\"\/><h3 class=\"custom-card-title\">Bo\u00eete \u00e0 outils pour l&rsquo;automatisation des flux de travail et de la RPA<\/h3><p class=\"custom-card-text\">Les processus r\u00e9p\u00e9titifs nuisent \u00e0 la productivit\u00e9. La bo\u00eete \u00e0 outils introduit l&rsquo;automatisation des processus robotiques assist\u00e9e par l&rsquo;IA et connect\u00e9e aux syst\u00e8mes ERP, CRM et RH. <br\/><br\/>La conception \u00e0 code bas permet aux utilisateurs professionnels d&rsquo;automatiser sans intervention lourde de l&rsquo;informatique &#8211; ce qui acc\u00e9l\u00e8re la transformation num\u00e9rique dans tous les d\u00e9partements.<\/p><\/div>\n\n\n\n<div class=\"wp-block-custom-card custom-card\" style=\"background-color:#f6f7f6\"><img decoding=\"async\" class=\"custom-card-image\" src=\"https:\/\/hoppsolutions.fun\/wp-content\/uploads\/2025\/08\/cloud_icon.svg\" alt=\"Cloud Migration Platform\"\/><h3 class=\"custom-card-title\">Plate-forme de migration dans le nuage<\/h3><p class=\"custom-card-text\">La migration vers le cloud exige de la pr\u00e9cision. Quaicy automatise la d\u00e9couverte, le mappage des d\u00e9pendances et la migration progressive vers Azure, AWS ou GCP. <br\/><br\/>Des plans de retour en arri\u00e8re int\u00e9gr\u00e9s et des estimateurs de co\u00fbts garantissent la continuit\u00e9 de l&rsquo;activit\u00e9. En combinant l&rsquo;automatisation avec une gouvernance experte, nous transformons le risque de migration en avantage concurrentiel. <\/p><\/div>\n\n\n\n<div class=\"wp-block-custom-card custom-card\" style=\"background-color:#f6f7f6\"><img decoding=\"async\" class=\"custom-card-image\" src=\"https:\/\/hoppsolutions.fun\/wp-content\/uploads\/2025\/08\/achievement_icon.svg\" alt=\"IT Cost Optimization Dashboard\"\/><h3 class=\"custom-card-title\">Tableau de bord de l&rsquo;optimisation des co\u00fbts informatiques<\/h3><p class=\"custom-card-text\">Le gaspillage dans le cloud est invisible tant qu&rsquo;il n&rsquo;est pas mesur\u00e9. Notre tableau de bord FinOps visualise les d\u00e9penses, d\u00e9tecte les anomalies et fournit des recommandations d&rsquo;optimisation exploitables. <br\/><br\/>Les dirigeants b\u00e9n\u00e9ficient d&rsquo;une transparence sur le retour sur investissement, tandis que les ing\u00e9nieurs re\u00e7oivent des alertes automatis\u00e9es de mise \u00e0 l&rsquo;\u00e9chelle et de redimensionnement.<\/p><\/div>\n<p style=\"display:none\">service-single<\/p><\/div>\n\n<div class=\"wp-block-custom-take-control-section take-control-section\"><h2 class=\"title\">Commencez votre <mark style=\"background-color:rgba(0, 0, 0, 0)\" class=\"has-inline-color has-primary-color\">voyage de transformation<\/mark><\/h2><p class=\"description\">Commencez d\u00e8s aujourd&rsquo;hui votre voyage vers la transformation num\u00e9rique.<\/p><div class=\"buttons\"><a href=\"\/contact\" class=\"btn btn-contact\"><span class=\"btn-contact-text\">Parlez \u00e0 un expert<\/span><\/a><a href=\"\/contact\" class=\"btn btn-schedule\"><span class=\"btn-schedule-text\">Contacter les ventes<\/span><\/a><\/div><\/div>\n","protected":false},"excerpt":{"rendered":"","protected":false},"author":4,"featured_media":0,"parent":0,"menu_order":0,"comment_status":"closed","ping_status":"closed","template":"page-with-title","meta":{"_acf_changed":false,"_crdt_document":"","footnotes":""},"class_list":["post-2050","page","type-page","status-publish","hentry"],"acf":[],"structured_blocks":[{"type":"hero","title":"Moderniser, automatiser et optimiser  <mark style=\"background-color:rgba(0, 0, 0, 0)\" class=\"has-inline-color has-primary-color\">Your IT Ecosystem.<\/mark>","subtitle":"La transformation num\u00e9rique commence par la visibilit\u00e9 et le contr\u00f4le. Quaicy propose des solutions cloud, d'automatisation et FinOps pour g\u00e9rer l'infrastructure globale de mani\u00e8re efficace et s\u00e9curis\u00e9e. <br\/><a href=\"https:\/\/quaicy-cms-h7anahc9asf2bcbt.switzerlandnorth-01.azurewebsites.net\/?page_id=903#\"><\/a>","text":"","image":"https:\/\/hoppsolutions.fun\/wp-content\/uploads\/2025\/10\/man-touching-virtual-screen-futuristic-technology-digital-remix-scaled.webp","buttonText":"","buttonUrl":"","buttonIcon":""},{"type":"card_grid","cards":[{"title":"Console de gestion de l'informatique hybride","text":"La visibilit\u00e9 sur les infrastructures hybrides est essentielle. Notre console regroupe les donn\u00e9es t\u00e9l\u00e9m\u00e9triques provenant de l'infrastructure sur site, de l'infrastructure en nuage et de la p\u00e9riph\u00e9rie, et les normalise en un seul plan de contr\u00f4le. <br\/><br\/>Les tableaux de bord bas\u00e9s sur les r\u00f4les permettent aux \u00e9quipes d'exploitation informatique et de s\u00e9curit\u00e9 d'agir rapidement sur les anomalies et les goulots d'\u00e9tranglement des performances.","imageUrl":"https:\/\/hoppsolutions.fun\/wp-content\/uploads\/2025\/08\/globus_icon.svg","backgroundColor":"#f6f7f6","items":[],"afterListText":"","buttonText":"","buttonUrl":"","buttonColor":"#0073aa"},{"title":"Suite d'infrastructure informatique g\u00e9r\u00e9e","text":"Externaliser la complexit\u00e9, pas le contr\u00f4le. Le service g\u00e9r\u00e9 de Quaicy assure une surveillance 24\/7 des points finaux, des serveurs et des r\u00e9seaux avec des analyses de maintenance pr\u00e9dictive. <br\/><br\/>Les clients b\u00e9n\u00e9ficient d'un temps de fonctionnement am\u00e9lior\u00e9, d'une fr\u00e9quence d'incidents r\u00e9duite et d'accords de niveau de service document\u00e9s qui garantissent la responsabilit\u00e9 et la tranquillit\u00e9 d'esprit.","imageUrl":"https:\/\/hoppsolutions.fun\/wp-content\/uploads\/2025\/08\/headset_icon.svg","backgroundColor":"#f6f7f6","items":[],"afterListText":"","buttonText":"","buttonUrl":"","buttonColor":"#0073aa"},{"title":"Gouvernance des donn\u00e9es et plateforme MDM","text":"Les donn\u00e9es fragment\u00e9es conduisent \u00e0 de mauvaises d\u00e9cisions. Le MDM de Quaicy garantit une source unique de v\u00e9rit\u00e9 \u00e0 travers les syst\u00e8mes et les zones g\u00e9ographiques. <br\/><br\/>Les contr\u00f4les automatis\u00e9s de la qualit\u00e9 des donn\u00e9es, le suivi de la lign\u00e9e et l'application des politiques garantissent l'exactitude et l'alignement r\u00e9glementaire.","imageUrl":"https:\/\/hoppsolutions.fun\/wp-content\/uploads\/2025\/08\/Vector-5.svg","backgroundColor":"#f6f7f6","items":[],"afterListText":"","buttonText":"","buttonUrl":"","buttonColor":"#0073aa"},{"title":"Bo\u00eete \u00e0 outils pour l'automatisation des flux de travail et de la RPA","text":"Les processus r\u00e9p\u00e9titifs nuisent \u00e0 la productivit\u00e9. La bo\u00eete \u00e0 outils introduit l'automatisation des processus robotiques assist\u00e9e par l'IA et connect\u00e9e aux syst\u00e8mes ERP, CRM et RH. <br\/><br\/>La conception \u00e0 code bas permet aux utilisateurs professionnels d'automatiser sans intervention lourde de l'informatique - ce qui acc\u00e9l\u00e8re la transformation num\u00e9rique dans tous les d\u00e9partements.","imageUrl":"https:\/\/hoppsolutions.fun\/wp-content\/uploads\/2025\/08\/strikeSheild_icon.svg","backgroundColor":"#f6f7f6","items":[],"afterListText":"","buttonText":"","buttonUrl":"","buttonColor":"#0073aa"},{"title":"Plate-forme de migration dans le nuage","text":"La migration vers le cloud exige de la pr\u00e9cision. Quaicy automatise la d\u00e9couverte, le mappage des d\u00e9pendances et la migration progressive vers Azure, AWS ou GCP. <br\/><br\/>Des plans de retour en arri\u00e8re int\u00e9gr\u00e9s et des estimateurs de co\u00fbts garantissent la continuit\u00e9 de l'activit\u00e9. En combinant l'automatisation avec une gouvernance experte, nous transformons le risque de migration en avantage concurrentiel. ","imageUrl":"https:\/\/hoppsolutions.fun\/wp-content\/uploads\/2025\/08\/cloud_icon.svg","backgroundColor":"#f6f7f6","items":[],"afterListText":"","buttonText":"","buttonUrl":"","buttonColor":"#0073aa"},{"title":"Tableau de bord de l'optimisation des co\u00fbts informatiques","text":"Le gaspillage dans le cloud est invisible tant qu'il n'est pas mesur\u00e9. Notre tableau de bord FinOps visualise les d\u00e9penses, d\u00e9tecte les anomalies et fournit des recommandations d'optimisation exploitables. <br\/><br\/>Les dirigeants b\u00e9n\u00e9ficient d'une transparence sur le retour sur investissement, tandis que les ing\u00e9nieurs re\u00e7oivent des alertes automatis\u00e9es de mise \u00e0 l'\u00e9chelle et de redimensionnement.","imageUrl":"https:\/\/hoppsolutions.fun\/wp-content\/uploads\/2025\/08\/achievement_icon.svg","backgroundColor":"#f6f7f6","items":[],"afterListText":"","buttonText":"","buttonUrl":"","buttonColor":"#0073aa"}],"sections":{"Visibility":[{"title":"Console de gestion de l'informatique hybride","text":"La visibilit\u00e9 sur les infrastructures hybrides est essentielle. Notre console regroupe les donn\u00e9es t\u00e9l\u00e9m\u00e9triques provenant de l'infrastructure sur site, de l'infrastructure en nuage et de la p\u00e9riph\u00e9rie, et les normalise en un seul plan de contr\u00f4le. <br\/><br\/>Les tableaux de bord bas\u00e9s sur les r\u00f4les permettent aux \u00e9quipes d'exploitation informatique et de s\u00e9curit\u00e9 d'agir rapidement sur les anomalies et les goulots d'\u00e9tranglement des performances.","imageUrl":"https:\/\/hoppsolutions.fun\/wp-content\/uploads\/2025\/08\/globus_icon.svg","backgroundColor":"#f6f7f6","items":[],"afterListText":"","buttonText":"","buttonUrl":"","buttonColor":"#0073aa"},{"title":"Suite d'infrastructure informatique g\u00e9r\u00e9e","text":"Externaliser la complexit\u00e9, pas le contr\u00f4le. Le service g\u00e9r\u00e9 de Quaicy assure une surveillance 24\/7 des points finaux, des serveurs et des r\u00e9seaux avec des analyses de maintenance pr\u00e9dictive. <br\/><br\/>Les clients b\u00e9n\u00e9ficient d'un temps de fonctionnement am\u00e9lior\u00e9, d'une fr\u00e9quence d'incidents r\u00e9duite et d'accords de niveau de service document\u00e9s qui garantissent la responsabilit\u00e9 et la tranquillit\u00e9 d'esprit.","imageUrl":"https:\/\/hoppsolutions.fun\/wp-content\/uploads\/2025\/08\/headset_icon.svg","backgroundColor":"#f6f7f6","items":[],"afterListText":"","buttonText":"","buttonUrl":"","buttonColor":"#0073aa"}],"Security":[{"title":"Gouvernance des donn\u00e9es et plateforme MDM","text":"Les donn\u00e9es fragment\u00e9es conduisent \u00e0 de mauvaises d\u00e9cisions. Le MDM de Quaicy garantit une source unique de v\u00e9rit\u00e9 \u00e0 travers les syst\u00e8mes et les zones g\u00e9ographiques. <br\/><br\/>Les contr\u00f4les automatis\u00e9s de la qualit\u00e9 des donn\u00e9es, le suivi de la lign\u00e9e et l'application des politiques garantissent l'exactitude et l'alignement r\u00e9glementaire.","imageUrl":"https:\/\/hoppsolutions.fun\/wp-content\/uploads\/2025\/08\/Vector-5.svg","backgroundColor":"#f6f7f6","items":[],"afterListText":"","buttonText":"","buttonUrl":"","buttonColor":"#0073aa"},{"title":"Bo\u00eete \u00e0 outils pour l'automatisation des flux de travail et de la RPA","text":"Les processus r\u00e9p\u00e9titifs nuisent \u00e0 la productivit\u00e9. La bo\u00eete \u00e0 outils introduit l'automatisation des processus robotiques assist\u00e9e par l'IA et connect\u00e9e aux syst\u00e8mes ERP, CRM et RH. <br\/><br\/>La conception \u00e0 code bas permet aux utilisateurs professionnels d'automatiser sans intervention lourde de l'informatique - ce qui acc\u00e9l\u00e8re la transformation num\u00e9rique dans tous les d\u00e9partements.","imageUrl":"https:\/\/hoppsolutions.fun\/wp-content\/uploads\/2025\/08\/strikeSheild_icon.svg","backgroundColor":"#f6f7f6","items":[],"afterListText":"","buttonText":"","buttonUrl":"","buttonColor":"#0073aa"}],"Cost Efficiency":[{"title":"Plate-forme de migration dans le nuage","text":"La migration vers le cloud exige de la pr\u00e9cision. Quaicy automatise la d\u00e9couverte, le mappage des d\u00e9pendances et la migration progressive vers Azure, AWS ou GCP. <br\/><br\/>Des plans de retour en arri\u00e8re int\u00e9gr\u00e9s et des estimateurs de co\u00fbts garantissent la continuit\u00e9 de l'activit\u00e9. En combinant l'automatisation avec une gouvernance experte, nous transformons le risque de migration en avantage concurrentiel. ","imageUrl":"https:\/\/hoppsolutions.fun\/wp-content\/uploads\/2025\/08\/cloud_icon.svg","backgroundColor":"#f6f7f6","items":[],"afterListText":"","buttonText":"","buttonUrl":"","buttonColor":"#0073aa"},{"title":"Tableau de bord de l'optimisation des co\u00fbts informatiques","text":"Le gaspillage dans le cloud est invisible tant qu'il n'est pas mesur\u00e9. Notre tableau de bord FinOps visualise les d\u00e9penses, d\u00e9tecte les anomalies et fournit des recommandations d'optimisation exploitables. <br\/><br\/>Les dirigeants b\u00e9n\u00e9ficient d'une transparence sur le retour sur investissement, tandis que les ing\u00e9nieurs re\u00e7oivent des alertes automatis\u00e9es de mise \u00e0 l'\u00e9chelle et de redimensionnement.","imageUrl":"https:\/\/hoppsolutions.fun\/wp-content\/uploads\/2025\/08\/achievement_icon.svg","backgroundColor":"#f6f7f6","items":[],"afterListText":"","buttonText":"","buttonUrl":"","buttonColor":"#0073aa"}]},"grid_type":"service-single","grid_title":"","grid_title_image":"","backgroundColor":"","backgroundImage":""},{"type":"take_control_section","title":"Commencez votre <mark style=\"background-color:rgba(0, 0, 0, 0)\" class=\"has-inline-color has-primary-color\">voyage de transformation<\/mark>","description":"Commencez d\u00e8s aujourd'hui votre voyage vers la transformation num\u00e9rique.","contact_cta":{"text":"Parlez \u00e0 un expert","url":"\/contact"},"schedule_cta":{"text":"Contacter les ventes","url":"\/contact"}}],"_links":{"self":[{"href":"https:\/\/hoppsolutions.fun\/fr\/wp-json\/wp\/v2\/pages\/2050","targetHints":{"allow":["GET"]}}],"collection":[{"href":"https:\/\/hoppsolutions.fun\/fr\/wp-json\/wp\/v2\/pages"}],"about":[{"href":"https:\/\/hoppsolutions.fun\/fr\/wp-json\/wp\/v2\/types\/page"}],"author":[{"embeddable":true,"href":"https:\/\/hoppsolutions.fun\/fr\/wp-json\/wp\/v2\/users\/4"}],"replies":[{"embeddable":true,"href":"https:\/\/hoppsolutions.fun\/fr\/wp-json\/wp\/v2\/comments?post=2050"}],"version-history":[{"count":3,"href":"https:\/\/hoppsolutions.fun\/fr\/wp-json\/wp\/v2\/pages\/2050\/revisions"}],"predecessor-version":[{"id":2309,"href":"https:\/\/hoppsolutions.fun\/fr\/wp-json\/wp\/v2\/pages\/2050\/revisions\/2309"}],"wp:attachment":[{"href":"https:\/\/hoppsolutions.fun\/fr\/wp-json\/wp\/v2\/media?parent=2050"}],"curies":[{"name":"wp","href":"https:\/\/api.w.org\/{rel}","templated":true}]}}