{"id":1888,"date":"2025-10-21T12:17:37","date_gmt":"2025-10-21T12:17:37","guid":{"rendered":"https:\/\/hoppsolutions.fun\/servizi-servizi-di-sviluppo\/"},"modified":"2025-11-10T11:16:02","modified_gmt":"2025-11-10T11:16:02","slug":"services-development-services","status":"publish","type":"page","link":"https:\/\/hoppsolutions.fun\/it\/services-development-services\/","title":{"rendered":"Servizi [Servizi di sviluppo]"},"content":{"rendered":"\n<div class=\"wp-block-custom-hero custom-hero\" style=\"background-image:url(https:\/\/hoppsolutions.fun\/wp-content\/uploads\/2025\/10\/side-shot-code-editor-using-react-js-scaled.webp)\"><h1 class=\"hero-title\"><mark style=\"background-color:rgba(0, 0, 0, 0)\" class=\"has-inline-color has-primary-color\">From Idea to Execution<\/mark>  &#8211; Costruisci un software sicuro, scalabile e intelligente.<\/h1><h3 class=\"hero-subtitle\">La divisione di sviluppo di Quaicy combina un&#8217;ingegneria all&#8217;avanguardia con pipeline DevOps sicure per fornire applicazioni web, mobili e backend ad alte prestazioni in tutto il mondo.<br\/><a href=\"https:\/\/quaicy-cms-h7anahc9asf2bcbt.switzerlandnorth-01.azurewebsites.net\/?page_id=907#\"><\/a><\/h3><p class=\"hero-text\"><\/p><a href=\"#\" class=\"hero-button\"><span class=\"hero-button-text\"><\/span><\/a><\/div>\n\n<div class=\"wp-block-custom-card-grid custom-card-grid\" style=\"background-size:cover;background-position:center;padding:20px\">\n<div class=\"wp-block-custom-card custom-card\" style=\"background-color:#f6f7f6\"><img decoding=\"async\" class=\"custom-card-image\" src=\"https:\/\/hoppsolutions.fun\/wp-content\/uploads\/2025\/08\/globus_icon.svg\" alt=\"Full-Stack Web &amp; App Development\"\/><h3 class=\"custom-card-title\">Sviluppo web e app full-stack<\/h3><p class=\"custom-card-text\">Dal prototipo alla piattaforma aziendale, Quaicy fornisce soluzioni web e mobili scalabili utilizzando React, Node.js, Laravel, Django e .NET.<br\/><br\/>Sicurezza, prestazioni e design UX sono integrati fin dal primo giorno. I test continui e le pipeline CI\/CD accorciano i cicli di rilascio preservando la qualit\u00e0 del codice. <\/p><\/div>\n\n\n\n<div class=\"wp-block-custom-card custom-card\" style=\"background-color:#f6f7f6\"><img decoding=\"async\" class=\"custom-card-image\" src=\"https:\/\/hoppsolutions.fun\/wp-content\/uploads\/2025\/08\/antenna_icon.svg\" alt=\"API &amp; Microservice Architecture\"\/><h3 class=\"custom-card-title\">Architettura API e microservizi<\/h3><p class=\"custom-card-text\">La modularit\u00e0 favorisce l&#8217;agilit\u00e0. Gli ingegneri di Quaicy progettano microservizi con confini di dominio chiari, gateway API e orchestrazione di container (Kubernetes, Docker). <br\/><br\/>Questo permette di scalare in modo indipendente, di implementare in modo continuo e di isolare i guasti: i capisaldi dei moderni ecosistemi digitali.<\/p><\/div>\n\n\n\n<div class=\"wp-block-custom-card custom-card\" style=\"background-color:#f6f7f6\"><img decoding=\"async\" class=\"custom-card-image\" src=\"https:\/\/hoppsolutions.fun\/wp-content\/uploads\/2025\/10\/Vector-e1761835528964.png\" alt=\"Mobile Development\"\/><h3 class=\"custom-card-title\">Sviluppo mobile<\/h3><p class=\"custom-card-text\">Le esperienze mobili definiscono la percezione del marchio. Realizziamo app native e multipiattaforma con funzionalit\u00e0 offline, sicurezza biometrica e perfetta integrazione con il cloud. <br\/><br\/>Una rigorosa profilazione delle prestazioni garantisce l&#8217;affidabilit\u00e0 in condizioni di traffico globale e di dispositivi diversi.<\/p><\/div>\n\n\n\n<div class=\"wp-block-custom-card custom-card\" style=\"background-color:#f6f7f6\"><img decoding=\"async\" class=\"custom-card-image\" src=\"https:\/\/hoppsolutions.fun\/wp-content\/uploads\/2025\/08\/database_icon.svg\" alt=\"Database Engineering\"\/><h3 class=\"custom-card-title\">Ingegneria dei database<\/h3><p class=\"custom-card-text\">Un&#8217;architettura dei dati efficiente \u00e8 alla base del successo delle applicazioni. I nostri specialisti progettano schemi, strategie di replica e politiche di backup per MySQL, PostgreSQL e MongoDB. <br\/><br\/>Le query e l&#8217;indicizzazione ottimizzate garantiscono velocit\u00e0 e stabilit\u00e0, mentre la crittografia e l&#8217;auditing rafforzano la conformit\u00e0.<\/p><\/div>\n\n\n\n<div class=\"wp-block-custom-card custom-card\" style=\"background-color:#f6f7f6\"><img decoding=\"async\" class=\"custom-card-image\" src=\"https:\/\/hoppsolutions.fun\/wp-content\/uploads\/2025\/08\/fileSheild_icon.svg\" alt=\"CI\/CD &amp; DevOps Pipelines\"\/><h3 class=\"custom-card-title\">Pipeline CI\/CD e DevOps<\/h3><p class=\"custom-card-text\">L&#8217;automazione accelera l&#8217;innovazione. Quaicy implementa pipeline basate su Git che integrano l&#8217;automazione di build, test e distribuzione. <br\/><br\/>In combinazione con l&#8217;Infrastructure-as-Code, la gestione dei segreti e l&#8217;osservabilit\u00e0, il risultato \u00e8 una consegna affidabile e ripetibile allineata ai principi di DevSecOps.<\/p><\/div>\n<p style=\"display:none\">service-single<\/p><\/div>\n\n<div class=\"wp-block-custom-take-control-section take-control-section\"><h2 class=\"title\">Richiedi una <mark style=\"background-color:rgba(0, 0, 0, 0)\" class=\"has-inline-color has-primary-color\">consulenza per lo sviluppo<\/mark><\/h2><p class=\"description\">Prenota oggi stesso la tua consulenza di sviluppo personalizzata.<\/p><div class=\"buttons\"><a href=\"\/contact\" class=\"btn btn-contact\"><span class=\"btn-contact-text\">Parla con un esperto<\/span><\/a><a href=\"\/contact\" class=\"btn btn-schedule\"><span class=\"btn-schedule-text\">Contatta le vendite<\/span><\/a><\/div><\/div>\n","protected":false},"excerpt":{"rendered":"","protected":false},"author":4,"featured_media":0,"parent":0,"menu_order":0,"comment_status":"closed","ping_status":"closed","template":"page-with-title","meta":{"_acf_changed":false,"_crdt_document":"","footnotes":""},"class_list":["post-1888","page","type-page","status-publish","hentry"],"acf":[],"structured_blocks":[{"type":"hero","title":"<mark style=\"background-color:rgba(0, 0, 0, 0)\" class=\"has-inline-color has-primary-color\">From Idea to Execution<\/mark>  - Costruisci un software sicuro, scalabile e intelligente.","subtitle":"La divisione di sviluppo di Quaicy combina un'ingegneria all'avanguardia con pipeline DevOps sicure per fornire applicazioni web, mobili e backend ad alte prestazioni in tutto il mondo.<br\/><a href=\"https:\/\/quaicy-cms-h7anahc9asf2bcbt.switzerlandnorth-01.azurewebsites.net\/?page_id=907#\"><\/a>","text":"","image":"https:\/\/hoppsolutions.fun\/wp-content\/uploads\/2025\/10\/side-shot-code-editor-using-react-js-scaled.webp","buttonText":"","buttonUrl":"","buttonIcon":""},{"type":"card_grid","cards":[{"title":"Sviluppo web e app full-stack","text":"Dal prototipo alla piattaforma aziendale, Quaicy fornisce soluzioni web e mobili scalabili utilizzando React, Node.js, Laravel, Django e .NET.<br\/><br\/>Sicurezza, prestazioni e design UX sono integrati fin dal primo giorno. I test continui e le pipeline CI\/CD accorciano i cicli di rilascio preservando la qualit\u00e0 del codice. ","imageUrl":"https:\/\/hoppsolutions.fun\/wp-content\/uploads\/2025\/08\/globus_icon.svg","backgroundColor":"#f6f7f6","items":[],"afterListText":"","buttonText":"","buttonUrl":"","buttonColor":"#0073aa"},{"title":"Architettura API e microservizi","text":"La modularit\u00e0 favorisce l'agilit\u00e0. Gli ingegneri di Quaicy progettano microservizi con confini di dominio chiari, gateway API e orchestrazione di container (Kubernetes, Docker). <br\/><br\/>Questo permette di scalare in modo indipendente, di implementare in modo continuo e di isolare i guasti: i capisaldi dei moderni ecosistemi digitali.","imageUrl":"https:\/\/hoppsolutions.fun\/wp-content\/uploads\/2025\/08\/antenna_icon.svg","backgroundColor":"#f6f7f6","items":[],"afterListText":"","buttonText":"","buttonUrl":"","buttonColor":"#0073aa"},{"title":"Sviluppo mobile","text":"Le esperienze mobili definiscono la percezione del marchio. Realizziamo app native e multipiattaforma con funzionalit\u00e0 offline, sicurezza biometrica e perfetta integrazione con il cloud. <br\/><br\/>Una rigorosa profilazione delle prestazioni garantisce l'affidabilit\u00e0 in condizioni di traffico globale e di dispositivi diversi.","imageUrl":"https:\/\/hoppsolutions.fun\/wp-content\/uploads\/2025\/10\/Vector-e1761835528964.png","backgroundColor":"#f6f7f6","items":[],"afterListText":"","buttonText":"","buttonUrl":"","buttonColor":"#0073aa"},{"title":"Ingegneria dei database","text":"Un'architettura dei dati efficiente \u00e8 alla base del successo delle applicazioni. I nostri specialisti progettano schemi, strategie di replica e politiche di backup per MySQL, PostgreSQL e MongoDB. <br\/><br\/>Le query e l'indicizzazione ottimizzate garantiscono velocit\u00e0 e stabilit\u00e0, mentre la crittografia e l'auditing rafforzano la conformit\u00e0.","imageUrl":"https:\/\/hoppsolutions.fun\/wp-content\/uploads\/2025\/08\/database_icon.svg","backgroundColor":"#f6f7f6","items":[],"afterListText":"","buttonText":"","buttonUrl":"","buttonColor":"#0073aa"},{"title":"Pipeline CI\/CD e DevOps","text":"L'automazione accelera l'innovazione. Quaicy implementa pipeline basate su Git che integrano l'automazione di build, test e distribuzione. <br\/><br\/>In combinazione con l'Infrastructure-as-Code, la gestione dei segreti e l'osservabilit\u00e0, il risultato \u00e8 una consegna affidabile e ripetibile allineata ai principi di DevSecOps.","imageUrl":"https:\/\/hoppsolutions.fun\/wp-content\/uploads\/2025\/08\/fileSheild_icon.svg","backgroundColor":"#f6f7f6","items":[],"afterListText":"","buttonText":"","buttonUrl":"","buttonColor":"#0073aa"}],"sections":[],"grid_type":"service-single","grid_title":"","grid_title_image":"","backgroundColor":"","backgroundImage":""},{"type":"take_control_section","title":"Richiedi una <mark style=\"background-color:rgba(0, 0, 0, 0)\" class=\"has-inline-color has-primary-color\">consulenza per lo sviluppo<\/mark>","description":"Prenota oggi stesso la tua consulenza di sviluppo personalizzata.","contact_cta":{"text":"Parla con un esperto","url":"\/contact"},"schedule_cta":{"text":"Contatta le vendite","url":"\/contact"}}],"_links":{"self":[{"href":"https:\/\/hoppsolutions.fun\/it\/wp-json\/wp\/v2\/pages\/1888","targetHints":{"allow":["GET"]}}],"collection":[{"href":"https:\/\/hoppsolutions.fun\/it\/wp-json\/wp\/v2\/pages"}],"about":[{"href":"https:\/\/hoppsolutions.fun\/it\/wp-json\/wp\/v2\/types\/page"}],"author":[{"embeddable":true,"href":"https:\/\/hoppsolutions.fun\/it\/wp-json\/wp\/v2\/users\/4"}],"replies":[{"embeddable":true,"href":"https:\/\/hoppsolutions.fun\/it\/wp-json\/wp\/v2\/comments?post=1888"}],"version-history":[{"count":4,"href":"https:\/\/hoppsolutions.fun\/it\/wp-json\/wp\/v2\/pages\/1888\/revisions"}],"predecessor-version":[{"id":2300,"href":"https:\/\/hoppsolutions.fun\/it\/wp-json\/wp\/v2\/pages\/1888\/revisions\/2300"}],"wp:attachment":[{"href":"https:\/\/hoppsolutions.fun\/it\/wp-json\/wp\/v2\/media?parent=1888"}],"curies":[{"name":"wp","href":"https:\/\/api.w.org\/{rel}","templated":true}]}}